{"id":1963,"date":"2021-09-03T04:01:10","date_gmt":"2021-09-03T04:01:10","guid":{"rendered":"https:\/\/oksdemosite.com\/kaolin\/?page_id=1963"},"modified":"2025-06-24T03:06:34","modified_gmt":"2025-06-24T03:06:34","slug":"quality-certifications","status":"publish","type":"page","link":"https:\/\/kaolin.com.my\/vi\/quality-certifications\/","title":{"rendered":"Ch\u1ee9ng nh\u1eadn ch\u1ea5t l\u01b0\u1ee3ng"},"content":{"rendered":"<p><section id=\"bt_bb_section69ea4b346f0b1\" class=\"bt_bb_section bt_bb_color_scheme_11 bt_bb_layout_boxed_1200 bt_bb_vertical_align_top bt_bb_background_overlay_alternate_solid bt_bb_top_spacing_extra_large bt_bb_bottom_spacing_large bt-dark-skin\" style=\"; --section-primary-color:#ffffff; --section-secondary-color:#2580e8;\" data-bt-override-class=\"null\"><div class=\"bt_bb_background_image_holder_wrapper\"><div class=\"bt_bb_background_image_holder btLazyLoadBackground\"  data-background_image_src=\"https:\/\/kaolin.com.my\/wp-content\/uploads\/2021\/05\/Kaolin_malaysia_Main_image.jpg\" data-parallax-zoom-start=\"1\" data-parallax-zoom-end=\"1\" data-parallax-blur-start=\"0\" data-parallax-blur-end=\"0\" data-parallax-opacity-start=\"1\" data-parallax-opacity-end=\"1\" style=\" background-image: url(&#039;https:\/\/kaolin.com.my\/wp-content\/plugins\/bold-page-builder\/img\/blank.gif&#039;);\"><\/div><\/div><div class=\"bt_bb_port\"><div class=\"bt_bb_cell\"><div class=\"bt_bb_cell_inner\"><div class=\"bt_bb_row \"  data-bt-override-class=\"{}\"><div class=\"bt_bb_row_holder\" ><div  class=\"bt_bb_column col-xxl-6 col-xl-6 bt_bb_vertical_align_top bt_bb_align_left bt_bb_padding_normal bt_bb_animation_fade_in zoom_out animate\" style=\"; --column-width:6;\" data-width=\"6\" data-bt-override-class=\"{}\"><div class=\"bt_bb_column_content\"><div class=\"bt_bb_column_content_inner\"><header data-bb-version=\"5.2.8\" class=\"bt_bb_headline bt_bb_font_weight_lighter bt_bb_color_scheme_1 bt_bb_dash_top bt_bb_size_inherit bt_bb_align_inherit\" style=\"; --headline-primary-color:#ffffff; --headline-secondary-color:#000000;\" data-bt-override-class=\"{&quot;bt_bb_size_&quot;:{&quot;current_class&quot;:&quot;bt_bb_size_inherit&quot;,&quot;def&quot;:&quot;inherit&quot;},&quot;bt_bb_align_&quot;:{&quot;current_class&quot;:&quot;bt_bb_align_inherit&quot;,&quot;def&quot;:&quot;inherit&quot;}}\"><h1><span class=\"bt_bb_headline_content\"><span>Ch\u1ee9ng Nh\u1eadn Ch\u1ea5t L\u01b0\u1ee3ng<\/span><\/span><\/h1><\/header><div class=\"bt_bb_separator bt_bb_border_style_none bt_bb_bottom_spacing_60\" data-bt-override-class=\"null\"><\/div><\/div><\/div><\/div><div  class=\"bt_bb_column col-xxl-6 col-xl-6 bt_bb_vertical_align_top bt_bb_align_center bt_bb_padding_normal\" style=\"; --column-width:6;\" data-width=\"6\" data-bt-override-class=\"{}\"><div class=\"bt_bb_column_content\"><div class=\"bt_bb_column_content_inner\"><\/div><\/div><\/div><\/div><\/div><\/div><!-- cell_inner --><\/div><!-- cell --><\/div><!-- port --><\/section><section id=\"bt_bb_section69ea4b346f896\" class=\"bt_bb_section bt_bb_layout_wide bt_bb_vertical_align_top bt_bb_top_spacing_100 bt_bb_bottom_spacing_20\" style=\"z-index: 1;\" data-bt-override-class=\"null\"><div class=\"bt_bb_port\"><div class=\"bt_bb_cell\"><div class=\"bt_bb_cell_inner\"><div class=\"bt_bb_row \"  data-bt-override-class=\"{}\"><div class=\"bt_bb_row_holder\" ><div  class=\"bt_bb_column col-xxl-12 col-xl-12 bt_bb_vertical_align_top bt_bb_align_left bt_bb_padding_normal\" style=\"; --column-width:12;\" data-width=\"12\" data-bt-override-class=\"{}\"><div class=\"bt_bb_column_content\"><div class=\"bt_bb_column_content_inner\"><div class=\"bt_bb_separator bt_bb_border_style_none bt_bb_bottom_spacing_40 bt_bb_hidden_xs bt_bb_hidden_ms bt_bb_hidden_sm\" data-bt-override-class=\"null\"><\/div><\/div><\/div><\/div><\/div><\/div><div data-bb-version=\"5.2.8\" class=\"bt_bb_row bt_bb_row_width_boxed_1200 bt_bb_row_width_boxed  bt_bb_column_gap_40\" style=\"; --column-gap:40px;\" data-bt-override-class=\"{&quot;bt_bb_animation_&quot;:{&quot;current_class&quot;:&quot;bt_bb_animation_no_animation&quot;,&quot;def&quot;:&quot;no_animation&quot;}}\"><div class=\"bt_bb_row_holder\" ><div data-bb-version=\"5.2.8\"  class=\"bt_bb_column col-xxl-12 col-xl-12 col-xs-12 col-sm-12 col-md-12 col-lg-12 bt_bb_vertical_align_middle bt_bb_align_left bt_bb_padding_40 bt_bb_animation_fade_in animate\" style=\"; --column-width:12;\" data-width=\"12\" data-bt-override-class=\"{&quot;bt_bb_align_&quot;:{&quot;current_class&quot;:&quot;bt_bb_align_left&quot;,&quot;def&quot;:&quot;left&quot;},&quot;bt_bb_padding_&quot;:{&quot;current_class&quot;:&quot;bt_bb_padding_40&quot;,&quot;def&quot;:&quot;40&quot;},&quot;bt_bb_animation_&quot;:{&quot;current_class&quot;:&quot;bt_bb_animation_fade_in animate&quot;,&quot;def&quot;:&quot;fade_in animate&quot;}}\"><div class=\"bt_bb_column_content\"><div class=\"bt_bb_column_content_inner\"><div class=\"bt_bb_separator bt_bb_border_style_none bt_bb_bottom_spacing_80 bt_bb_hidden_md bt_bb_hidden_lg\" data-bt-override-class=\"null\"><\/div><header data-bb-version=\"5.2.8\" class=\"bt_bb_headline bt_bb_dash_top bt_bb_superheadline bt_bb_size_inherit bt_bb_align_inherit\" data-bt-override-class=\"{&quot;bt_bb_size_&quot;:{&quot;current_class&quot;:&quot;bt_bb_size_inherit&quot;,&quot;def&quot;:&quot;inherit&quot;},&quot;bt_bb_align_&quot;:{&quot;current_class&quot;:&quot;bt_bb_align_inherit&quot;,&quot;def&quot;:&quot;inherit&quot;}}\"><h2><span class=\"bt_bb_headline_superheadline\"><span>C\u00e1c Ch\u1ee9ng Nh\u1eadn<\/span><\/span><span class=\"bt_bb_headline_content\"><span>Ch\u1ea5t L\u01b0\u1ee3ng \/ Nghi\u00ean C\u1ee9u & Ph\u00e1t Tri\u1ec3n<\/span><\/span><\/h2><\/header><div class=\"bt_bb_separator bt_bb_border_style_none bt_bb_bottom_spacing_40\" data-bt-override-class=\"null\"><\/div><div  class=\"bt_bb_text\" ><\/p>\n<p>Kaolin ( Malaysia ) Sdn Bhd l\u00e0 t\u1ef1 h\u00e0o v\u00ec \u0111\u00e3 ki\u1ebfm \u0111\u01b0\u1ee3c ti\u00eau chu\u1ea9n ISO 9001 : 2000 ch\u1ee9ng nh\u1eadn k\u1ec3 t\u1eeb n\u0103m 2002. Trong n\u0103m 2008, ch\u00fang t\u00f4i \u0111\u00e3 \u0111\u01b0\u1ee3c ch\u1ee9ng nh\u1eadn v\u00e0 n\u00e2ng c\u1ea5p theo ti\u00eau chu\u1ea9n ISO 9001 : 2015 . Ch\u00fang t\u00f4i s\u1ebd ti\u1ebfp t\u1ee5c c\u1ea3i thi\u1ec7n h\u1ec7 th\u1ed1ng ch\u1ea5t l\u01b0\u1ee3ng c\u1ee7a ch\u00fang t\u00f4i \u0111\u1ec3 \u0111\u1ea1t \u0111\u01b0\u1ee3c m\u1ee5c \u0111\u00edch \u0111\u01b0\u1ee3c th\u1ecfa m\u00e3n c\u1ee7a kh\u00e1ch h\u00e0ng.<\/p>\n<p>T\u1ea1i KM tr\u1ecdng t\u00e2m c\u1ee7a ch\u00fang t\u00f4i l\u00e0 r\u00f5 r\u00e0ng ; \u0111\u1ec3 cung c\u1ea5p cho kh\u00e1ch h\u00e0ng nh\u1eefng gi\u00e1 tr\u1ecb t\u1ed1t nh\u1ea5t c\u00f3 s\u1eb5n trong ng\u00e0nh c\u00f4ng nghi\u1ec7p c\u1ee7a ch\u00fang t\u00f4i . \u0110i\u1ec1u n\u00e0y c\u00f3 ngh\u0129a l\u00e0 cung c\u1ea5p c\u00e1c s\u1ea3n ph\u1ea9m ch\u1ea5t l\u01b0\u1ee3ng t\u1ed1t nh\u1ea5t \u0111\u01b0\u1ee3c h\u1ed7 tr\u1ee3 b\u1edfi c\u00e1c ti\u00eau chu\u1ea9n cao nh\u1ea5t v\u1ec1 chuy\u00ean m\u00f4n k\u1ef9 thu\u1eadt v\u00e0 d\u1ecbch v\u1ee5 kh\u00e1ch h\u00e0ng m\u1ecdi l\u00fac.<\/p>\n<p>V\u1edbi tr\u00ean , \u0111i\u1ec1u n\u00e0y l\u00e0m cho ch\u00fang t\u00f4i l\u00e0 nh\u00e0 cung c\u1ea5p \u0111\u01b0\u1ee3c l\u1ef1a ch\u1ecdn cho nhi\u1ec1u ng\u00e0nh c\u00f4ng nghi\u1ec7p tr\u00ean to\u00e0n th\u1ebf gi\u1edbi.<\/p>\n<p>Chuy\u00ean m\u00f4n k\u1ef9 thu\u1eadt v\u01b0\u1ee3t tr\u1ed9i , \u0111\u01b0\u1ee3c th\u00e0nh l\u1eadp tr\u00ean s\u1ef1 hi\u1ec3u bi\u1ebft s\u00e2u s\u1eafc v\u1ec1 t\u00e0i nguy\u00ean kho\u00e1ng s\u1ea3n c\u1ee7a ch\u00fang t\u00f4i , n\u01a1i KM \u0111i \u0111\u1ea7u trong ph\u00e1t tri\u1ec3n c\u00f4ng ngh\u1ec7 kho\u00e1ng s\u1ea3n.<\/p>\n<p>Ch\u00fang t\u00f4i ho\u00e0n to\u00e0n cam k\u1ebft v\u1edbi kh\u00e1ch h\u00e0ng c\u1ee7a ch\u00fang t\u00f4i v\u00e0 \u0111i\u1ec1u n\u00e0y \u0111\u01b0\u1ee3c th\u1ec3 hi\u1ec7n r\u00f5 trong \u0111\u1ea7u t\u01b0 c\u1ee7a ch\u00fang t\u00f4i trong Nghi\u00ean c\u1ee9u &amp; Ph\u00e1t tri\u1ec3n \u0111\u1ec3 l\u1ea5y \u0111\u01b0\u1ee3c c\u00e1c s\u1ea3n ph\u1ea9m v\u00e0 d\u1ecbch v\u1ee5 t\u1ed1t h\u01a1n cho kh\u00e1ch h\u00e0ng c\u1ee7a ch\u00fang t\u00f4i .<\/p>\n<p>\u0110\u1ed3ng th\u1eddi , ch\u00fang t\u00f4i s\u1ebd t\u00edch c\u1ef1c tham gia v\u00e0o c\u00e1c kh\u00e1m ph\u00e1 s\u1eed d\u1ee5ng s\u00e1ng t\u1ea1o c\u1ee7a t\u1ea5t c\u1ea3 c\u00e1c kho\u00e1ng ch\u1ea5t c\u00f4ng nghi\u1ec7p \u0111\u1ec3 m\u1edf r\u1ed9ng c\u01a1 s\u1edf th\u1ecb tr\u01b0\u1eddng .<\/p>\n<p>\n<\/div><div class=\"bt_bb_separator bt_bb_border_style_none bt_bb_bottom_spacing_40 bt_bb_hidden_md bt_bb_hidden_lg\" data-bt-override-class=\"null\"><\/div><\/div><\/div><\/div><\/div><\/div><\/div><!-- cell_inner --><\/div><!-- cell --><\/div><!-- port --><\/section><section id=\"bt_bb_section69ea4b34704b4\" class=\"bt_bb_section bt_bb_layout_boxed_1200\"  data-bt-override-class=\"null\"><div class=\"bt_bb_port\"><div class=\"bt_bb_cell\"><div class=\"bt_bb_cell_inner\"><div class=\"bt_bb_row \"  data-bt-override-class=\"{}\"><div class=\"bt_bb_row_holder\" ><div  class=\"bt_bb_column col-xxl-12 col-xl-12 col-xs-12 col-sm-12 col-md-12 col-lg-12 bt_bb_vertical_align_top bt_bb_align_left bt_bb_padding_normal\" style=\"; --column-width:12;\" data-width=\"12\" data-bt-override-class=\"{}\"><div class=\"bt_bb_column_content\"><div class=\"bt_bb_column_content_inner\"><div data-bb-version=\"5.2.8\" class=\"bt_bb_slider bt_bb_height_auto bt_bb_show_dots_below bt_bb_multiple_slides bt_bb_multiple_slides bt_bb_animation_slide animate bt_bb_overflow_no bt_bb_thick_line_no bt_bb_active_dot_accent bt_bb_inactive_dot_light_font bt_bb_slider_arrows_dark_font_light_bg bt_bb_arrows_size_small\"><div class=\"slick-slider\"  data-slick='{ \"lazyLoad\": \"progressive\", \"cssEase\": \"ease-out\", \"speed\": \"300\", \"adaptiveHeight\": true, \"dots\": true, \"prevArrow\": \"&lt;button type=\\\"button\\\" class=\\\"slick-prev\\\" aria-label=\\\"Previous\\\" tabindex=\\\"0\\\" role=\\\"button\\\"&gt;&lt;\/button&gt;\", \"nextArrow\": \"&lt;button type=\\\"button\\\" class=\\\"slick-next\\\" aria-label=\\\"Next\\\" tabindex=\\\"0\\\" role=\\\"button\\\"&gt;&lt;\/button&gt;\",\"slidesToShow\": 6,\"slidesToShow\": 6, \"responsive\": [{ \"breakpoint\": 481, \"settings\": { \"slidesToShow\": 1, \"slidesToScroll\": 1 } },{ \"breakpoint\": 769, \"settings\": { \"slidesToShow\": 2, \"slidesToScroll\": 2 } },{ \"breakpoint\": 993, \"settings\": { \"slidesToShow\": 3, \"slidesToScroll\": 3 } },{ \"breakpoint\": 1201, \"settings\": { \"slidesToShow\": 6, \"slidesToScroll\": 6 } },{ \"breakpoint\": 1401, \"settings\": { \"slidesToShow\": 6, \"slidesToScroll\": 6 } }]}' ><div class=\"bt_bb_slider_item\" data-src-full=\"https:\/\/kaolin.com.my\/wp-content\/uploads\/2021\/05\/kaolin_sirim_qas_international_01.jpg\"><img decoding=\"async\" src=\"https:\/\/kaolin.com.my\/wp-content\/uploads\/2021\/05\/kaolin_sirim_qas_international_01-320x320.jpg\" alt=\"kaolin_sirim_qas_international_01\"  title=\"kaolin_sirim_qas_international_01\"><\/div><div class=\"bt_bb_slider_item\" data-src-full=\"https:\/\/kaolin.com.my\/wp-content\/uploads\/2025\/06\/Untitled-design-1.png\"><img decoding=\"async\" src=\"https:\/\/kaolin.com.my\/wp-content\/uploads\/2025\/06\/Untitled-design-1-320x320.png\" alt=\"Untitled design (1)\"  title=\"Untitled design (1)\"><\/div><div class=\"bt_bb_slider_item\" data-src-full=\"https:\/\/kaolin.com.my\/wp-content\/uploads\/2021\/05\/kaolin_FDA_01.jpg\"><img decoding=\"async\" src=\"https:\/\/kaolin.com.my\/wp-content\/uploads\/2021\/05\/kaolin_FDA_01-320x320.jpg\" alt=\"kaolin_FDA_01\"  title=\"kaolin_FDA_01\"><\/div><div class=\"bt_bb_slider_item\" data-src-full=\"https:\/\/kaolin.com.my\/wp-content\/uploads\/2021\/05\/kaolin_IQNet_01.jpg\"><img decoding=\"async\" src=\"https:\/\/kaolin.com.my\/wp-content\/uploads\/2021\/05\/kaolin_IQNet_01-320x320.jpg\" alt=\"kaolin_IQNet_01\"  title=\"kaolin_IQNet_01\"><\/div><div class=\"bt_bb_slider_item\" data-src-full=\"https:\/\/kaolin.com.my\/wp-content\/uploads\/2025\/05\/2.png\"><img decoding=\"async\" src=\"https:\/\/kaolin.com.my\/wp-content\/uploads\/2025\/05\/2-320x320.png\" alt=\"2\"  title=\"2\"><\/div><div class=\"bt_bb_slider_item\" data-src-full=\"https:\/\/kaolin.com.my\/wp-content\/uploads\/2025\/05\/1.png\"><img decoding=\"async\" src=\"https:\/\/kaolin.com.my\/wp-content\/uploads\/2025\/05\/1-320x320.png\" alt=\"1\"  title=\"1\"><\/div><\/div><\/div><div data-bb-version=\"5.2.8\" class=\"bt_bb_separator bt_bb_border_style_none bt_bb_top_spacing_none bt_bb_bottom_spacing_60\" data-bt-override-class=\"{&quot;bt_bb_top_spacing_&quot;:{&quot;current_class&quot;:&quot;bt_bb_top_spacing_none&quot;,&quot;def&quot;:&quot;none&quot;},&quot;bt_bb_bottom_spacing_&quot;:{&quot;current_class&quot;:&quot;bt_bb_bottom_spacing_60&quot;,&quot;def&quot;:&quot;60&quot;}}\"><\/div><\/div><\/div><\/div><\/div><\/div><\/div><!-- cell_inner --><\/div><!-- cell --><\/div><!-- port --><\/section><\/p>\n","protected":false},"excerpt":{"rendered":"<p>Uniquely deploy cross-unit benefits with wireless testing procedures. Collaboratively build backward-compatible relationships whereas tactical paradigms. Compellingly reconceptualize compelling outsourcing whereas optimal service.<\/p>\n","protected":false},"author":1,"featured_media":0,"parent":0,"menu_order":0,"comment_status":"closed","ping_status":"closed","template":"","meta":{"footnotes":""},"class_list":["post-1963","page","type-page","status-publish","hentry"],"yoast_head":"<!-- This site is optimized with the Yoast SEO plugin v26.9 - https:\/\/yoast.com\/product\/yoast-seo-wordpress\/ -->\n<title>Ch\u1ee9ng nh\u1eadn ch\u1ea5t l\u01b0\u1ee3ng - Sericite Supplier Malaysia | Kaolin China Clay | Mica Powder<\/title>\n<meta name=\"robots\" content=\"index, follow, max-snippet:-1, max-image-preview:large, max-video-preview:-1\" \/>\n<link rel=\"canonical\" href=\"https:\/\/kaolin.com.my\/vi\/quality-certifications\/\" \/>\n<meta property=\"og:locale\" content=\"vi_VN\" \/>\n<meta property=\"og:type\" content=\"article\" \/>\n<meta property=\"og:title\" content=\"Ch\u1ee9ng nh\u1eadn ch\u1ea5t l\u01b0\u1ee3ng - Sericite Supplier Malaysia | Kaolin China Clay | Mica Powder\" \/>\n<meta property=\"og:description\" content=\"Uniquely deploy cross-unit benefits with wireless testing procedures. Collaboratively build backward-compatible relationships whereas tactical paradigms. Compellingly reconceptualize compelling outsourcing whereas optimal service.\" \/>\n<meta property=\"og:url\" content=\"https:\/\/kaolin.com.my\/vi\/quality-certifications\/\" \/>\n<meta property=\"og:site_name\" content=\"Sericite Supplier Malaysia | Kaolin China Clay | Mica Powder\" \/>\n<meta property=\"article:modified_time\" content=\"2025-06-24T03:06:34+00:00\" \/>\n<meta name=\"twitter:card\" content=\"summary_large_image\" \/>\n<meta name=\"twitter:label1\" content=\"Est. reading time\" \/>\n\t<meta name=\"twitter:data1\" content=\"4 minutes\" \/>\n<script type=\"application\/ld+json\" class=\"yoast-schema-graph\">{\"@context\":\"https:\/\/schema.org\",\"@graph\":[{\"@type\":\"WebPage\",\"@id\":\"https:\/\/kaolin.com.my\/vi\/quality-certifications\/\",\"url\":\"https:\/\/kaolin.com.my\/vi\/quality-certifications\/\",\"name\":\"Ch\u1ee9ng nh\u1eadn ch\u1ea5t l\u01b0\u1ee3ng - Sericite Supplier Malaysia | Kaolin China Clay | Mica Powder\",\"isPartOf\":{\"@id\":\"https:\/\/kaolin.com.my\/#website\"},\"datePublished\":\"2021-09-03T04:01:10+00:00\",\"dateModified\":\"2025-06-24T03:06:34+00:00\",\"breadcrumb\":{\"@id\":\"https:\/\/kaolin.com.my\/vi\/quality-certifications\/#breadcrumb\"},\"inLanguage\":\"vi-VN\",\"potentialAction\":[{\"@type\":\"ReadAction\",\"target\":[\"https:\/\/kaolin.com.my\/vi\/quality-certifications\/\"]}]},{\"@type\":\"BreadcrumbList\",\"@id\":\"https:\/\/kaolin.com.my\/vi\/quality-certifications\/#breadcrumb\",\"itemListElement\":[{\"@type\":\"ListItem\",\"position\":1,\"name\":\"Home\",\"item\":\"https:\/\/kaolin.com.my\/vi\/\"},{\"@type\":\"ListItem\",\"position\":2,\"name\":\"Ch\u1ee9ng nh\u1eadn ch\u1ea5t l\u01b0\u1ee3ng\"}]},{\"@type\":\"WebSite\",\"@id\":\"https:\/\/kaolin.com.my\/#website\",\"url\":\"https:\/\/kaolin.com.my\/\",\"name\":\"Sericite Supplier Malaysia | Kaolin China Clay | Mica Powder\",\"description\":\"\",\"publisher\":{\"@id\":\"https:\/\/kaolin.com.my\/#organization\"},\"potentialAction\":[{\"@type\":\"SearchAction\",\"target\":{\"@type\":\"EntryPoint\",\"urlTemplate\":\"https:\/\/kaolin.com.my\/?s={search_term_string}\"},\"query-input\":{\"@type\":\"PropertyValueSpecification\",\"valueRequired\":true,\"valueName\":\"search_term_string\"}}],\"inLanguage\":\"vi-VN\"},{\"@type\":\"Organization\",\"@id\":\"https:\/\/kaolin.com.my\/#organization\",\"name\":\"KAOLIN (MALAYSIA) SDN BHD\",\"url\":\"https:\/\/kaolin.com.my\/\",\"logo\":{\"@type\":\"ImageObject\",\"inLanguage\":\"vi-VN\",\"@id\":\"https:\/\/kaolin.com.my\/#\/schema\/logo\/image\/\",\"url\":\"https:\/\/slategrey-hawk-503702.hostingersite.com\/wp-content\/uploads\/2021\/09\/kaolin_logo-2.png\",\"contentUrl\":\"https:\/\/slategrey-hawk-503702.hostingersite.com\/wp-content\/uploads\/2021\/09\/kaolin_logo-2.png\",\"width\":474,\"height\":301,\"caption\":\"KAOLIN (MALAYSIA) SDN BHD\"},\"image\":{\"@id\":\"https:\/\/kaolin.com.my\/#\/schema\/logo\/image\/\"}}]}<\/script>\n<!-- \/ Yoast SEO plugin. -->","yoast_head_json":{"title":"Ch\u1ee9ng nh\u1eadn ch\u1ea5t l\u01b0\u1ee3ng - Sericite Supplier Malaysia | Kaolin China Clay | Mica Powder","robots":{"index":"index","follow":"follow","max-snippet":"max-snippet:-1","max-image-preview":"max-image-preview:large","max-video-preview":"max-video-preview:-1"},"canonical":"https:\/\/kaolin.com.my\/vi\/quality-certifications\/","og_locale":"vi_VN","og_type":"article","og_title":"Ch\u1ee9ng nh\u1eadn ch\u1ea5t l\u01b0\u1ee3ng - Sericite Supplier Malaysia | Kaolin China Clay | Mica Powder","og_description":"Uniquely deploy cross-unit benefits with wireless testing procedures. Collaboratively build backward-compatible relationships whereas tactical paradigms. Compellingly reconceptualize compelling outsourcing whereas optimal service.","og_url":"https:\/\/kaolin.com.my\/vi\/quality-certifications\/","og_site_name":"Sericite Supplier Malaysia | Kaolin China Clay | Mica Powder","article_modified_time":"2025-06-24T03:06:34+00:00","twitter_card":"summary_large_image","twitter_misc":{"Est. reading time":"4 minutes"},"schema":{"@context":"https:\/\/schema.org","@graph":[{"@type":"WebPage","@id":"https:\/\/kaolin.com.my\/vi\/quality-certifications\/","url":"https:\/\/kaolin.com.my\/vi\/quality-certifications\/","name":"Ch\u1ee9ng nh\u1eadn ch\u1ea5t l\u01b0\u1ee3ng - Sericite Supplier Malaysia | Kaolin China Clay | Mica Powder","isPartOf":{"@id":"https:\/\/kaolin.com.my\/#website"},"datePublished":"2021-09-03T04:01:10+00:00","dateModified":"2025-06-24T03:06:34+00:00","breadcrumb":{"@id":"https:\/\/kaolin.com.my\/vi\/quality-certifications\/#breadcrumb"},"inLanguage":"vi-VN","potentialAction":[{"@type":"ReadAction","target":["https:\/\/kaolin.com.my\/vi\/quality-certifications\/"]}]},{"@type":"BreadcrumbList","@id":"https:\/\/kaolin.com.my\/vi\/quality-certifications\/#breadcrumb","itemListElement":[{"@type":"ListItem","position":1,"name":"Home","item":"https:\/\/kaolin.com.my\/vi\/"},{"@type":"ListItem","position":2,"name":"Ch\u1ee9ng nh\u1eadn ch\u1ea5t l\u01b0\u1ee3ng"}]},{"@type":"WebSite","@id":"https:\/\/kaolin.com.my\/#website","url":"https:\/\/kaolin.com.my\/","name":"Sericite Supplier Malaysia | Kaolin China Clay | Mica Powder","description":"","publisher":{"@id":"https:\/\/kaolin.com.my\/#organization"},"potentialAction":[{"@type":"SearchAction","target":{"@type":"EntryPoint","urlTemplate":"https:\/\/kaolin.com.my\/?s={search_term_string}"},"query-input":{"@type":"PropertyValueSpecification","valueRequired":true,"valueName":"search_term_string"}}],"inLanguage":"vi-VN"},{"@type":"Organization","@id":"https:\/\/kaolin.com.my\/#organization","name":"KAOLIN (MALAYSIA) SDN BHD","url":"https:\/\/kaolin.com.my\/","logo":{"@type":"ImageObject","inLanguage":"vi-VN","@id":"https:\/\/kaolin.com.my\/#\/schema\/logo\/image\/","url":"https:\/\/slategrey-hawk-503702.hostingersite.com\/wp-content\/uploads\/2021\/09\/kaolin_logo-2.png","contentUrl":"https:\/\/slategrey-hawk-503702.hostingersite.com\/wp-content\/uploads\/2021\/09\/kaolin_logo-2.png","width":474,"height":301,"caption":"KAOLIN (MALAYSIA) SDN BHD"},"image":{"@id":"https:\/\/kaolin.com.my\/#\/schema\/logo\/image\/"}}]}},"_links":{"self":[{"href":"https:\/\/kaolin.com.my\/vi\/wp-json\/wp\/v2\/pages\/1963","targetHints":{"allow":["GET"]}}],"collection":[{"href":"https:\/\/kaolin.com.my\/vi\/wp-json\/wp\/v2\/pages"}],"about":[{"href":"https:\/\/kaolin.com.my\/vi\/wp-json\/wp\/v2\/types\/page"}],"author":[{"embeddable":true,"href":"https:\/\/kaolin.com.my\/vi\/wp-json\/wp\/v2\/users\/1"}],"replies":[{"embeddable":true,"href":"https:\/\/kaolin.com.my\/vi\/wp-json\/wp\/v2\/comments?post=1963"}],"version-history":[{"count":3,"href":"https:\/\/kaolin.com.my\/vi\/wp-json\/wp\/v2\/pages\/1963\/revisions"}],"predecessor-version":[{"id":2856,"href":"https:\/\/kaolin.com.my\/vi\/wp-json\/wp\/v2\/pages\/1963\/revisions\/2856"}],"wp:attachment":[{"href":"https:\/\/kaolin.com.my\/vi\/wp-json\/wp\/v2\/media?parent=1963"}],"curies":[{"name":"wp","href":"https:\/\/api.w.org\/{rel}","templated":true}]}}