{"id":1972,"date":"2021-09-03T07:16:40","date_gmt":"2021-09-03T07:16:40","guid":{"rendered":"https:\/\/oksdemosite.com\/kaolin\/?page_id=1972"},"modified":"2021-09-03T07:18:37","modified_gmt":"2021-09-03T07:18:37","slug":"silica-sand-pyrophyllite-powder","status":"publish","type":"page","link":"https:\/\/kaolin.com.my\/vi\/silica-sand-pyrophyllite-powder\/","title":{"rendered":"Silica Sand \/ Pyrophyllite Powder"},"content":{"rendered":"<p><section id=\"bt_bb_section6a00c9e4ef6a6\" class=\"bt_bb_section bt_bb_color_scheme_11 bt_bb_layout_boxed_1200 bt_bb_vertical_align_top bt_bb_background_overlay_alternate_solid bt_bb_top_spacing_extra_large bt_bb_bottom_spacing_large bt-dark-skin\" style=\"; --section-primary-color:#ffffff; --section-secondary-color:#2580e8;\" data-bt-override-class=\"null\"><div class=\"bt_bb_background_image_holder_wrapper\"><div class=\"bt_bb_background_image_holder btLazyLoadBackground\"  data-background_image_src=\"https:\/\/kaolin.com.my\/wp-content\/uploads\/2021\/05\/Kaolin_malaysia_Main_image.jpg\" data-parallax-zoom-start=\"1\" data-parallax-zoom-end=\"1\" data-parallax-blur-start=\"0\" data-parallax-blur-end=\"0\" data-parallax-opacity-start=\"1\" data-parallax-opacity-end=\"1\" style=\" background-image: url(&#039;https:\/\/kaolin.com.my\/wp-content\/plugins\/bold-page-builder\/img\/blank.gif&#039;);\"><\/div><\/div><div class=\"bt_bb_port\"><div class=\"bt_bb_cell\"><div class=\"bt_bb_cell_inner\"><div class=\"bt_bb_row \"  data-bt-override-class=\"{}\"><div class=\"bt_bb_row_holder\" ><div  class=\"bt_bb_column col-xxl-6 col-xl-6 bt_bb_vertical_align_top bt_bb_align_left bt_bb_padding_normal bt_bb_animation_fade_in zoom_out animate\" style=\"; --column-width:6;\" data-width=\"6\" data-bt-override-class=\"{}\"><div class=\"bt_bb_column_content\"><div class=\"bt_bb_column_content_inner\"><header class=\"bt_bb_headline bt_bb_font_weight_lighter bt_bb_color_scheme_1 bt_bb_dash_top bt_bb_superheadline bt_bb_size_inherit bt_bb_align_inherit\" style=\"; --headline-primary-color:#ffffff; --headline-secondary-color:#000000;\" data-bt-override-class=\"null\"><div class=\"bt_bb_headline_superheadline_outside\"><span class=\"bt_bb_headline_superheadline\"><span>Look no further<\/span><\/span><\/div><h1><span class=\"bt_bb_headline_content\"><span>Delivering beyond possible solutions<\/span><\/span><\/h1><\/header><div class=\"bt_bb_separator bt_bb_border_style_none bt_bb_bottom_spacing_60\" data-bt-override-class=\"null\"><\/div><\/div><\/div><\/div><div  class=\"bt_bb_column col-xxl-6 col-xl-6 bt_bb_vertical_align_top bt_bb_align_center bt_bb_padding_normal\" style=\"; --column-width:6;\" data-width=\"6\" data-bt-override-class=\"{}\"><div class=\"bt_bb_column_content\"><div class=\"bt_bb_column_content_inner\"><\/div><\/div><\/div><\/div><\/div><\/div><!-- cell_inner --><\/div><!-- cell --><\/div><!-- port --><\/section><section id=\"bt_bb_section6a00c9e4efa43\" class=\"bt_bb_section bt_bb_layout_boxed_1200 bt_bb_vertical_align_top bt_bb_top_spacing_normal bt_bb_bottom_spacing_normal\"  data-bt-override-class=\"null\"><div class=\"bt_bb_port\"><div class=\"bt_bb_cell\"><div class=\"bt_bb_cell_inner\"><div class=\"bt_bb_row \"  data-bt-override-class=\"{}\"><div class=\"bt_bb_row_holder\" ><div  class=\"bt_bb_column col-xxl-12 col-xl-12 col-xs-12 col-sm-12 col-md-12 col-lg-12 bt_bb_vertical_align_top bt_bb_align_left bt_bb_padding_normal\" style=\"; --column-width:12;\" data-width=\"12\" data-bt-override-class=\"{}\"><div class=\"bt_bb_column_content\"><div class=\"bt_bb_column_content_inner\"><header class=\"bt_bb_headline bt_bb_dash_none bt_bb_size_inherit bt_bb_align_inherit\" data-bt-override-class=\"null\"><h1><span class=\"bt_bb_headline_content\"><span>Silica Sand \/ Pyrophyllite Powder<\/span><\/span><\/h1><\/header><div class=\"bt_bb_separator bt_bb_border_style_none bt_bb_bottom_spacing_normal\" data-bt-override-class=\"null\"><\/div><div  class=\"bt_bb_text\" ><\/p>\n<p>C\u00e1c silica h\u1ee3p ch\u1ea5t h\u00f3a h\u1ecdc , c\u00f2n \u0111\u01b0\u1ee3c g\u1ecdi l\u00e0 silicon dioxide , l\u00e0 oxit c\u1ee7a sili<span class=\"morecontent\">c , c\u00f4ng th\u1ee9c ho\u00e1 h\u1ecdc SiO<sub>2<\/sub>\u00a0. Silica \u0111\u01b0\u1ee3c t\u00ecm th\u1ea5y trong t\u1ef1 nhi\u00ean \u1edf nhi\u1ec1u h\u00ecnh th\u1ee9c , bao g\u1ed3m c\u1ea3 th\u1ea1ch anh v\u00e0 opal . C\u00e1c th\u00e0nh ph\u1ea7n ph\u1ed5 bi\u1ebfn nh\u1ea5t c\u1ee7a c\u00e1t trong c\u00e0i \u0111\u1eb7t l\u1ee5c n\u1ed9i \u0111\u1ecba v\u00e0 ven bi\u1ec3n thi\u1ebft l\u1eadp phi nhi\u1ec7t \u0111\u1edbi l\u00e0 silica , th\u01b0\u1eddng \u1edf d\u1ea1ng c\u1ee7a th\u1ea1ch anh v\u00ec \u0111\u1ed9 c\u1ee9ng \u0111\u00e1ng k\u1ec3 c\u00e1c kho\u00e1ng ch\u1ea5t n\u00e0y ch\u1ed1ng x\u00f3i m\u00f2n . Tuy nhi\u00ean , th\u00e0nh ph\u1ea7n c\u1ee7a c\u00e1t thay \u0111\u1ed5i t\u00f9y theo ngu\u1ed3n \u0111\u00e1 \u0111\u1ecba ph\u01b0\u01a1ng v\u00e0 \u0111i\u1ec1u ki\u1ec7n.<\/span><\/p>\n<p>C\u00e1t Silica c\u1ee7a ch\u00fang t\u00f4i m\u00e0 c\u00f3 th\u1ec3 \u00e1p d\u1ee5ng r\u1ed9ng r\u00e3i v\u00e0 th\u1ed1ng nh\u1ea5t v\u1ec1 k\u00edch th\u01b0\u1edbc \u0111\u01b0\u1ee3c s\u1eed d\u1ee5ng \u0111\u1ec3 l\u1ecdc n\u01b0\u1edbc , \u0111\u00fac , s\u01a1n , x\u1eed l\u00fd n\u01b0\u1edbc v\u00e0 tr\u00e1t v\u1eefa . S\u1ea3n ph\u1ea9m n\u00e0y l\u00e0 t\u1ed1t trong k\u1ebft c\u1ea5u v\u1edbi ch\u1ea5t l\u01b0\u1ee3ng \u0111\u1ed3ng ph\u1ee5c .<\/p>\n<p><strong>C\u00e1c t\u00ednh n\u0103ng:<\/strong><\/p>\n<ul>\n<li>Th\u00e0nh ph\u1ea7n ch\u00ednh x\u00e1c<\/li>\n<li>Ch\u1ea5t l\u01b0\u1ee3ng t\u1ed1i \u01b0u<\/li>\n<li>\u1ea9m \u01b0\u1edbt<\/li>\n<li>S\u1eed d\u1ee5ng an to\u00e0n<\/li>\n<li>C\u00f3 hi\u1ec7u l\u1ef1c<\/li>\n<\/ul>\n<p><span class=\"morecontent\"><strong>\u01afu \u0111i\u1ec3m :<\/strong><\/span><\/p>\n<ul>\n<li>Kh\u00f4ng c\u00f3 h\u00f3a ch\u1ea5t \u0111\u1ec3 mua cho b\u1ea3o tr\u00ec<\/li>\n<li>V\u1eadt li\u1ec7u b\u1ec1n v\u1edbi cu\u1ed9c s\u1ed1ng l\u00e2u d\u00e0i v\u00e0 nhi\u1ec7t \u0111\u1ed9<\/li>\n<li>H\u00ecnh Sub &#8211; g\u00f3c t\u0103ng c\u01b0\u1eddng t\u00ednh l\u1ecdc<\/li>\n<li>L\u00fd t\u01b0\u1edfng cho c\u00e1c y\u00eau c\u1ea7u ti\u1ec3u \u0111i\u1ec1n nh\u1ea1y c\u1ea3m kh\u00f4ng silica<\/li>\n<\/ul>\n<p><span class=\"morecontent\"><strong>\u1ee8ng d\u1ee5ng:<\/strong>\u00a0V\u1eadt li\u1ec7u x\u00e2y d\u1ef1ng vv\u00a0<\/span><\/p>\n<p>\n<\/div><\/div><\/div><\/div><\/div><\/div><\/div><!-- cell_inner --><\/div><!-- cell --><\/div><!-- port --><\/section><\/p>\n","protected":false},"excerpt":{"rendered":"<p>Interactively procrastinate high-payoff content without backward-compatible data. Quickly cultivate optimal processes and tactical architectures. Completely iterate covalent strategic theme areas via accurate e-markets.<\/p>\n","protected":false},"author":1,"featured_media":1760,"parent":0,"menu_order":0,"comment_status":"closed","ping_status":"closed","template":"","meta":{"footnotes":""},"class_list":["post-1972","page","type-page","status-publish","has-post-thumbnail","hentry"],"yoast_head":"<!-- This site is optimized with the Yoast SEO plugin v26.9 - https:\/\/yoast.com\/product\/yoast-seo-wordpress\/ -->\n<title>Silica Sand \/ Pyrophyllite Powder - Sericite Supplier Malaysia | Kaolin China Clay | Mica Powder<\/title>\n<meta name=\"robots\" content=\"index, follow, max-snippet:-1, max-image-preview:large, max-video-preview:-1\" \/>\n<link rel=\"canonical\" href=\"https:\/\/kaolin.com.my\/vi\/silica-sand-pyrophyllite-powder\/\" \/>\n<meta property=\"og:locale\" content=\"vi_VN\" \/>\n<meta property=\"og:type\" content=\"article\" \/>\n<meta property=\"og:title\" content=\"Silica Sand \/ Pyrophyllite Powder - Sericite Supplier Malaysia | Kaolin China Clay | Mica Powder\" \/>\n<meta property=\"og:description\" content=\"Interactively procrastinate high-payoff content without backward-compatible data. Quickly cultivate optimal processes and tactical architectures. Completely iterate covalent strategic theme areas via accurate e-markets.\" \/>\n<meta property=\"og:url\" content=\"https:\/\/kaolin.com.my\/vi\/silica-sand-pyrophyllite-powder\/\" \/>\n<meta property=\"og:site_name\" content=\"Sericite Supplier Malaysia | Kaolin China Clay | Mica Powder\" \/>\n<meta property=\"article:modified_time\" content=\"2021-09-03T07:18:37+00:00\" \/>\n<meta property=\"og:image\" content=\"https:\/\/kaolin.com.my\/wp-content\/uploads\/2021\/05\/Kaolin_malaysia_Main_image.jpeg\" \/>\n\t<meta property=\"og:image:width\" content=\"1024\" \/>\n\t<meta property=\"og:image:height\" content=\"768\" \/>\n\t<meta property=\"og:image:type\" content=\"image\/jpeg\" \/>\n<meta name=\"twitter:card\" content=\"summary_large_image\" \/>\n<meta name=\"twitter:label1\" content=\"Est. reading time\" \/>\n\t<meta name=\"twitter:data1\" content=\"2 minutes\" \/>\n<script type=\"application\/ld+json\" class=\"yoast-schema-graph\">{\"@context\":\"https:\/\/schema.org\",\"@graph\":[{\"@type\":\"WebPage\",\"@id\":\"https:\/\/kaolin.com.my\/vi\/silica-sand-pyrophyllite-powder\/\",\"url\":\"https:\/\/kaolin.com.my\/vi\/silica-sand-pyrophyllite-powder\/\",\"name\":\"Silica Sand \/ Pyrophyllite Powder - Sericite Supplier Malaysia | Kaolin China Clay | Mica Powder\",\"isPartOf\":{\"@id\":\"https:\/\/kaolin.com.my\/vi\/#website\"},\"primaryImageOfPage\":{\"@id\":\"https:\/\/kaolin.com.my\/vi\/silica-sand-pyrophyllite-powder\/#primaryimage\"},\"image\":{\"@id\":\"https:\/\/kaolin.com.my\/vi\/silica-sand-pyrophyllite-powder\/#primaryimage\"},\"thumbnailUrl\":\"https:\/\/kaolin.com.my\/wp-content\/uploads\/2021\/05\/Kaolin_malaysia_Main_image.jpeg\",\"datePublished\":\"2021-09-03T07:16:40+00:00\",\"dateModified\":\"2021-09-03T07:18:37+00:00\",\"breadcrumb\":{\"@id\":\"https:\/\/kaolin.com.my\/vi\/silica-sand-pyrophyllite-powder\/#breadcrumb\"},\"inLanguage\":\"vi-VN\",\"potentialAction\":[{\"@type\":\"ReadAction\",\"target\":[\"https:\/\/kaolin.com.my\/vi\/silica-sand-pyrophyllite-powder\/\"]}]},{\"@type\":\"ImageObject\",\"inLanguage\":\"vi-VN\",\"@id\":\"https:\/\/kaolin.com.my\/vi\/silica-sand-pyrophyllite-powder\/#primaryimage\",\"url\":\"https:\/\/kaolin.com.my\/wp-content\/uploads\/2021\/05\/Kaolin_malaysia_Main_image.jpeg\",\"contentUrl\":\"https:\/\/kaolin.com.my\/wp-content\/uploads\/2021\/05\/Kaolin_malaysia_Main_image.jpeg\",\"width\":1024,\"height\":768},{\"@type\":\"BreadcrumbList\",\"@id\":\"https:\/\/kaolin.com.my\/vi\/silica-sand-pyrophyllite-powder\/#breadcrumb\",\"itemListElement\":[{\"@type\":\"ListItem\",\"position\":1,\"name\":\"Home\",\"item\":\"https:\/\/kaolin.com.my\/vi\/\"},{\"@type\":\"ListItem\",\"position\":2,\"name\":\"Silica Sand \/ Pyrophyllite Powder\"}]},{\"@type\":\"WebSite\",\"@id\":\"https:\/\/kaolin.com.my\/vi\/#website\",\"url\":\"https:\/\/kaolin.com.my\/vi\/\",\"name\":\"Sericite Supplier Malaysia | Kaolin China Clay | Mica Powder\",\"description\":\"\",\"publisher\":{\"@id\":\"https:\/\/kaolin.com.my\/vi\/#organization\"},\"potentialAction\":[{\"@type\":\"SearchAction\",\"target\":{\"@type\":\"EntryPoint\",\"urlTemplate\":\"https:\/\/kaolin.com.my\/vi\/?s={search_term_string}\"},\"query-input\":{\"@type\":\"PropertyValueSpecification\",\"valueRequired\":true,\"valueName\":\"search_term_string\"}}],\"inLanguage\":\"vi-VN\"},{\"@type\":\"Organization\",\"@id\":\"https:\/\/kaolin.com.my\/vi\/#organization\",\"name\":\"KAOLIN (MALAYSIA) SDN BHD\",\"url\":\"https:\/\/kaolin.com.my\/vi\/\",\"logo\":{\"@type\":\"ImageObject\",\"inLanguage\":\"vi-VN\",\"@id\":\"https:\/\/kaolin.com.my\/vi\/#\/schema\/logo\/image\/\",\"url\":\"https:\/\/slategrey-hawk-503702.hostingersite.com\/wp-content\/uploads\/2021\/09\/kaolin_logo-2.png\",\"contentUrl\":\"https:\/\/slategrey-hawk-503702.hostingersite.com\/wp-content\/uploads\/2021\/09\/kaolin_logo-2.png\",\"width\":474,\"height\":301,\"caption\":\"KAOLIN (MALAYSIA) SDN BHD\"},\"image\":{\"@id\":\"https:\/\/kaolin.com.my\/vi\/#\/schema\/logo\/image\/\"}}]}<\/script>\n<!-- \/ Yoast SEO plugin. -->","yoast_head_json":{"title":"Silica Sand \/ Pyrophyllite Powder - Sericite Supplier Malaysia | Kaolin China Clay | Mica Powder","robots":{"index":"index","follow":"follow","max-snippet":"max-snippet:-1","max-image-preview":"max-image-preview:large","max-video-preview":"max-video-preview:-1"},"canonical":"https:\/\/kaolin.com.my\/vi\/silica-sand-pyrophyllite-powder\/","og_locale":"vi_VN","og_type":"article","og_title":"Silica Sand \/ Pyrophyllite Powder - Sericite Supplier Malaysia | Kaolin China Clay | Mica Powder","og_description":"Interactively procrastinate high-payoff content without backward-compatible data. Quickly cultivate optimal processes and tactical architectures. Completely iterate covalent strategic theme areas via accurate e-markets.","og_url":"https:\/\/kaolin.com.my\/vi\/silica-sand-pyrophyllite-powder\/","og_site_name":"Sericite Supplier Malaysia | Kaolin China Clay | Mica Powder","article_modified_time":"2021-09-03T07:18:37+00:00","og_image":[{"width":1024,"height":768,"url":"https:\/\/kaolin.com.my\/wp-content\/uploads\/2021\/05\/Kaolin_malaysia_Main_image.jpeg","type":"image\/jpeg"}],"twitter_card":"summary_large_image","twitter_misc":{"Est. reading time":"2 minutes"},"schema":{"@context":"https:\/\/schema.org","@graph":[{"@type":"WebPage","@id":"https:\/\/kaolin.com.my\/vi\/silica-sand-pyrophyllite-powder\/","url":"https:\/\/kaolin.com.my\/vi\/silica-sand-pyrophyllite-powder\/","name":"Silica Sand \/ Pyrophyllite Powder - Sericite Supplier Malaysia | Kaolin China Clay | Mica Powder","isPartOf":{"@id":"https:\/\/kaolin.com.my\/vi\/#website"},"primaryImageOfPage":{"@id":"https:\/\/kaolin.com.my\/vi\/silica-sand-pyrophyllite-powder\/#primaryimage"},"image":{"@id":"https:\/\/kaolin.com.my\/vi\/silica-sand-pyrophyllite-powder\/#primaryimage"},"thumbnailUrl":"https:\/\/kaolin.com.my\/wp-content\/uploads\/2021\/05\/Kaolin_malaysia_Main_image.jpeg","datePublished":"2021-09-03T07:16:40+00:00","dateModified":"2021-09-03T07:18:37+00:00","breadcrumb":{"@id":"https:\/\/kaolin.com.my\/vi\/silica-sand-pyrophyllite-powder\/#breadcrumb"},"inLanguage":"vi-VN","potentialAction":[{"@type":"ReadAction","target":["https:\/\/kaolin.com.my\/vi\/silica-sand-pyrophyllite-powder\/"]}]},{"@type":"ImageObject","inLanguage":"vi-VN","@id":"https:\/\/kaolin.com.my\/vi\/silica-sand-pyrophyllite-powder\/#primaryimage","url":"https:\/\/kaolin.com.my\/wp-content\/uploads\/2021\/05\/Kaolin_malaysia_Main_image.jpeg","contentUrl":"https:\/\/kaolin.com.my\/wp-content\/uploads\/2021\/05\/Kaolin_malaysia_Main_image.jpeg","width":1024,"height":768},{"@type":"BreadcrumbList","@id":"https:\/\/kaolin.com.my\/vi\/silica-sand-pyrophyllite-powder\/#breadcrumb","itemListElement":[{"@type":"ListItem","position":1,"name":"Home","item":"https:\/\/kaolin.com.my\/vi\/"},{"@type":"ListItem","position":2,"name":"Silica Sand \/ Pyrophyllite Powder"}]},{"@type":"WebSite","@id":"https:\/\/kaolin.com.my\/vi\/#website","url":"https:\/\/kaolin.com.my\/vi\/","name":"Sericite Supplier Malaysia | Kaolin China Clay | Mica Powder","description":"","publisher":{"@id":"https:\/\/kaolin.com.my\/vi\/#organization"},"potentialAction":[{"@type":"SearchAction","target":{"@type":"EntryPoint","urlTemplate":"https:\/\/kaolin.com.my\/vi\/?s={search_term_string}"},"query-input":{"@type":"PropertyValueSpecification","valueRequired":true,"valueName":"search_term_string"}}],"inLanguage":"vi-VN"},{"@type":"Organization","@id":"https:\/\/kaolin.com.my\/vi\/#organization","name":"KAOLIN (MALAYSIA) SDN BHD","url":"https:\/\/kaolin.com.my\/vi\/","logo":{"@type":"ImageObject","inLanguage":"vi-VN","@id":"https:\/\/kaolin.com.my\/vi\/#\/schema\/logo\/image\/","url":"https:\/\/slategrey-hawk-503702.hostingersite.com\/wp-content\/uploads\/2021\/09\/kaolin_logo-2.png","contentUrl":"https:\/\/slategrey-hawk-503702.hostingersite.com\/wp-content\/uploads\/2021\/09\/kaolin_logo-2.png","width":474,"height":301,"caption":"KAOLIN (MALAYSIA) SDN BHD"},"image":{"@id":"https:\/\/kaolin.com.my\/vi\/#\/schema\/logo\/image\/"}}]}},"_links":{"self":[{"href":"https:\/\/kaolin.com.my\/vi\/wp-json\/wp\/v2\/pages\/1972","targetHints":{"allow":["GET"]}}],"collection":[{"href":"https:\/\/kaolin.com.my\/vi\/wp-json\/wp\/v2\/pages"}],"about":[{"href":"https:\/\/kaolin.com.my\/vi\/wp-json\/wp\/v2\/types\/page"}],"author":[{"embeddable":true,"href":"https:\/\/kaolin.com.my\/vi\/wp-json\/wp\/v2\/users\/1"}],"replies":[{"embeddable":true,"href":"https:\/\/kaolin.com.my\/vi\/wp-json\/wp\/v2\/comments?post=1972"}],"version-history":[{"count":0,"href":"https:\/\/kaolin.com.my\/vi\/wp-json\/wp\/v2\/pages\/1972\/revisions"}],"wp:featuredmedia":[{"embeddable":true,"href":"https:\/\/kaolin.com.my\/vi\/wp-json\/wp\/v2\/media\/1760"}],"wp:attachment":[{"href":"https:\/\/kaolin.com.my\/vi\/wp-json\/wp\/v2\/media?parent=1972"}],"curies":[{"name":"wp","href":"https:\/\/api.w.org\/{rel}","templated":true}]}}