{"id":1977,"date":"2021-09-03T07:20:49","date_gmt":"2021-09-03T07:20:49","guid":{"rendered":"https:\/\/oksdemosite.com\/kaolin\/?page_id=1977"},"modified":"2021-09-03T07:23:05","modified_gmt":"2021-09-03T07:23:05","slug":"wollastonite","status":"publish","type":"page","link":"https:\/\/kaolin.com.my\/vi\/wollastonite\/","title":{"rendered":"WOLLASTONITE"},"content":{"rendered":"<p><section id=\"bt_bb_section6a00c1f4af184\" class=\"bt_bb_section bt_bb_color_scheme_11 bt_bb_layout_boxed_1200 bt_bb_vertical_align_top bt_bb_background_overlay_alternate_solid bt_bb_top_spacing_extra_large bt_bb_bottom_spacing_large bt-dark-skin\" style=\"; --section-primary-color:#ffffff; --section-secondary-color:#2580e8;\" data-bt-override-class=\"null\"><div class=\"bt_bb_background_image_holder_wrapper\"><div class=\"bt_bb_background_image_holder btLazyLoadBackground\"  data-background_image_src=\"https:\/\/kaolin.com.my\/wp-content\/uploads\/2021\/05\/Kaolin_malaysia_Main_image.jpg\" data-parallax-zoom-start=\"1\" data-parallax-zoom-end=\"1\" data-parallax-blur-start=\"0\" data-parallax-blur-end=\"0\" data-parallax-opacity-start=\"1\" data-parallax-opacity-end=\"1\" style=\" background-image: url(&#039;https:\/\/kaolin.com.my\/wp-content\/plugins\/bold-page-builder\/img\/blank.gif&#039;);\"><\/div><\/div><div class=\"bt_bb_port\"><div class=\"bt_bb_cell\"><div class=\"bt_bb_cell_inner\"><div class=\"bt_bb_row \"  data-bt-override-class=\"{}\"><div class=\"bt_bb_row_holder\" ><div  class=\"bt_bb_column col-xxl-6 col-xl-6 bt_bb_vertical_align_top bt_bb_align_left bt_bb_padding_normal bt_bb_animation_fade_in zoom_out animate\" style=\"; --column-width:6;\" data-width=\"6\" data-bt-override-class=\"{}\"><div class=\"bt_bb_column_content\"><div class=\"bt_bb_column_content_inner\"><header class=\"bt_bb_headline bt_bb_font_weight_lighter bt_bb_color_scheme_1 bt_bb_dash_top bt_bb_superheadline bt_bb_size_inherit bt_bb_align_inherit\" style=\"; --headline-primary-color:#ffffff; --headline-secondary-color:#000000;\" data-bt-override-class=\"null\"><div class=\"bt_bb_headline_superheadline_outside\"><span class=\"bt_bb_headline_superheadline\"><span>Look no further<\/span><\/span><\/div><h1><span class=\"bt_bb_headline_content\"><span>Delivering beyond possible solutions<\/span><\/span><\/h1><\/header><div class=\"bt_bb_separator bt_bb_border_style_none bt_bb_bottom_spacing_60\" data-bt-override-class=\"null\"><\/div><\/div><\/div><\/div><div  class=\"bt_bb_column col-xxl-6 col-xl-6 bt_bb_vertical_align_top bt_bb_align_center bt_bb_padding_normal\" style=\"; --column-width:6;\" data-width=\"6\" data-bt-override-class=\"{}\"><div class=\"bt_bb_column_content\"><div class=\"bt_bb_column_content_inner\"><\/div><\/div><\/div><\/div><\/div><\/div><!-- cell_inner --><\/div><!-- cell --><\/div><!-- port --><\/section><section id=\"bt_bb_section6a00c1f4af4b2\" class=\"bt_bb_section bt_bb_layout_boxed_1200 bt_bb_vertical_align_top bt_bb_top_spacing_normal bt_bb_bottom_spacing_normal\"  data-bt-override-class=\"null\"><div class=\"bt_bb_port\"><div class=\"bt_bb_cell\"><div class=\"bt_bb_cell_inner\"><div class=\"bt_bb_row \"  data-bt-override-class=\"{}\"><div class=\"bt_bb_row_holder\" ><div  class=\"bt_bb_column col-xxl-12 col-xl-12 col-xs-12 col-sm-12 col-md-12 col-lg-12 bt_bb_vertical_align_top bt_bb_align_left bt_bb_padding_normal\" style=\"; --column-width:12;\" data-width=\"12\" data-bt-override-class=\"{}\"><div class=\"bt_bb_column_content\"><div class=\"bt_bb_column_content_inner\"><header class=\"bt_bb_headline bt_bb_dash_none bt_bb_size_inherit bt_bb_align_inherit\" data-bt-override-class=\"null\"><h1><span class=\"bt_bb_headline_content\"><span>WOLLASTONITE<\/span><\/span><\/h1><\/header><div class=\"bt_bb_separator bt_bb_border_style_none bt_bb_bottom_spacing_normal\" data-bt-override-class=\"null\"><\/div><div class=\" bt_bb_row_inner\"   data-bt-override-class=\"{}\"><div class=\"bt_bb_row_inner_holder\"  ><div  class=\"bt_bb_column_inner col-xxl-4 col-xl-4 col-xs-12 col-sm-12 col-md-12 col-lg-4 bt_bb_vertical_align_top bt_bb_align_left bt_bb_padding_normal\"  data-width=\"4\" data-bt-override-class=\"{}\"><div class=\"bt_bb_column_inner_content\"><div class=\"bt_bb_column_inner_content_inner\"><div class=\"bt_bb_image bt_bb_shape_square bt_bb_align_inherit bt_bb_hover_style_simple bt_bb_content_display_always bt_bb_content_align_middle bt_bb_remove_padding_yes bt_bb_fill_background_color_full\" data-bt-override-class=\"null\"><span><img src = \"https:\/\/kaolin.com.my\/wp-content\/plugins\/bold-page-builder\/img\/blank.gif\" data-full_image_src=\"https:\/\/kaolin.com.my\/wp-content\/uploads\/2021\/09\/wollastonite-1.jpeg\" data-image_src=\"https:\/\/kaolin.com.my\/wp-content\/uploads\/2021\/09\/wollastonite-1.jpeg\" alt=\"https:\/\/kaolin.com.my\/wp-content\/uploads\/2021\/09\/wollastonite-1.jpeg\" class=\"btLazyLoadImage\"><\/span><\/div><\/div><\/div><\/div><div  class=\"bt_bb_column_inner col-xxl-8 col-xl-8 col-xs-12 col-sm-12 col-md-12 col-lg-8 bt_bb_vertical_align_top bt_bb_align_left bt_bb_padding_normal\"  data-width=\"8\" data-bt-override-class=\"{}\"><div class=\"bt_bb_column_inner_content\"><div class=\"bt_bb_column_inner_content_inner\"><div  class=\"bt_bb_text\" ><\/p>\n<p>C\u00f4ng th\u1ee9c: CaSiO<sub>3<\/sub><\/p>\n<table class=\"formula\" width=\"100%\">\n<tbody>\n<tr bgcolor=\"#f5f5f5\">\n<td><strong>Oxide<\/strong><\/td>\n<td><strong>Analysis<\/strong><\/td>\n<td><strong>Formula<\/strong><\/td>\n<\/tr>\n<tr>\n<td>CaO<\/td>\n<td>48.28%<\/td>\n<td>1.000<\/td>\n<\/tr>\n<tr>\n<td>SiO<sub>2<\/sub><\/td>\n<td>51.72%<\/td>\n<td>1.000<\/td>\n<\/tr>\n<\/tbody>\n<\/table>\n<p><strong>Oxide Weight\u00a0<\/strong>: 116.20<br \/>\n<strong>Formula Weight<\/strong>\u00a0: 116.20<\/p>\n<p>\n<\/div><\/div><\/div><\/div><\/div><\/div><div class=\"bt_bb_separator bt_bb_border_style_none bt_bb_bottom_spacing_normal\" data-bt-override-class=\"null\"><\/div><div  class=\"bt_bb_text\" ><\/p>\n<p>M\u1ed9t phi kim lo\u1ea1i m\u00e0u tr\u1eafng , kho\u00e1ng ch\u1ea5t t\u1ef1 nhi\u00ean \u0111\u01b0\u1ee3c x\u00e1c \u0111\u1ecbnh v\u1ec1 m\u1eb7t h\u00f3a h\u1ecdc nh\u01b0 canxi metasilicate , CaSiO<sub>3<\/sub>\u00a0. N\u00f3 l\u00e0 kho\u00e1ng v\u1eadt m\u00e0u tr\u1eafng tinh khi\u1ebft ch\u1ec9 c\u00f3 b\u00e1n tr\u00ean th\u1ecb tr\u01b0\u1eddng l\u00e0 ho\u00e0n to\u00e0n h\u00ecnh kim ( tinh th\u1ec3 h\u00ecnh kim ) . Wollastonite c\u00f3 s\u1eb5n trong tinh b\u1ed9t k\u00edch th\u01b0\u1edbc h\u1ea1t c\u0169ng nh\u01b0 c\u00e1c s\u1ea3n ph\u1ea9m s\u1ee3i &#8216; t\u1ec9 l\u1ec7 cao ( 20 : 1 ) . V\u1eadt li\u1ec7u n\u00e0y c\u00f3 m\u1ed9t k\u1ebft c\u1ea5u r\u1ea5t kh\u00e1c th\u01b0\u1eddng ; n\u00f3 kh\u00f4ng ch\u1ea3y ch\u00fat n\u00e0o ( m\u1ed9t b\u00e0n tay \u0111\u1ea7y \u0111\u1ee7 c\u00f3 th\u1ec3 \u0111\u01b0\u1ee3c ch\u1ecdn b\u1eb1ng nh\u1eefng ng\u00f3n tay xu\u1ed1ng ph\u00eda d\u01b0\u1edbi) . H\u1ecd kh\u00e1c nhau v\u1ec1 \u0111\u1ed9 tinh khi\u1ebft ; m\u1ed9t s\u1ed1 y\u00eau c\u1ea7u h\u1ea7u nh\u01b0 kh\u00f4ng c\u00f3 beneficiation ; nh\u1eefng ng\u01b0\u1eddi kh\u00e1c c\u00f3 th\u1ec3 y\u00eau c\u1ea7u lo\u1ea1i b\u1ecf t\u1edbi 80 % t\u1ea1p ch\u1ea5t nh\u01b0 garnet , DIOPSIDE , \u0111\u00e1 v\u00f4i , v\u00e0 dolomite ( v\u00ed d\u1ee5 b\u1eb1ng c\u00e1ch t\u00e1ch t\u1eeb t\u00ednh , b\u1ecdt n\u1ed5i, ph\u00e2n lo\u1ea1i quang ) . Wollastonite t\u1ed5ng h\u1ee3p c\u0169ng \u0111\u01b0\u1ee3c th\u1ef1c hi\u1ec7n b\u1eb1ng c\u00e1ch k\u1ebft h\u1ee3p v\u00f4i v\u1edbi th\u1ea1ch anh , canxi carbonate v\u00e0 canxi hydrate<\/p>\n<p>C\u00e1c d\u1ea1ng s\u1ee3i c\u1ee7a wollastonite c\u00f3 th\u1ec3 r\u1ea5t c\u00f3 l\u1ee3i trong c\u01a1 th\u1ec3 . Trong g\u1ed1m b\u1eafn th\u1ea5p wollastonite gi\u1ea3m kh\u00f4 v\u00e0 b\u1eafn co r\u00fat v\u00e0 l\u00e0m kh\u00f4 v\u00e0 b\u1eafn warpage . N\u00f3 c\u0169ng th\u00fac \u0111\u1ea9y \u0111\u1ed9 \u1ea9m th\u1ea5p v\u00e0 gi\u00e3n n\u1edf nhi\u1ec7t trong c\u00e1c s\u1ea3n ph\u1ea9m b\u1eafn v\u00e0 b\u1eafn t\u0103ng s\u1ee9c m\u1ea1nh. N\u00f3 ch\u00e1y v\u1edbi kh\u00f4ng L\u1ee2I v\u00e0 x\u01a1 c\u1ee7a n\u00f3 gi\u00fap th\u00f4ng h\u01a1i ra ngo\u00e0i tho\u00e1t kh\u00ed . Nh\u1eefng y\u1ebfu t\u1ed1 n\u00e0y \u0111\u00e3 l\u00e0m cho n\u00f3 m\u1ed9t ph\u1ea7n c\u00f3 gi\u00e1 tr\u1ecb trong c\u01a1 th\u1ec3 g\u1ea1ch, \u0111\u1eb7c bi\u1ec7t l\u00e0 cho ch\u00e1y nhanh. N\u00f3 \u0111\u01b0\u1ee3c ph\u1ed5 bi\u1ebfn cho th\u1ea5y 10 % trong c\u00f4ng th\u1ee9c n\u1ea5u wollastonite \u0111\u1ea5t nung l\u1eeda th\u1ea5p . C\u01a1 quan th\u1ee7y tinh th\u1ec3 th\u1ee7y tinh v\u00e0 b\u00e1n c\u0169ng c\u00f3 th\u1ec3 hi\u1ec3n th\u1ecb gi\u1ea3m co v\u1edbi c\u00e1c b\u1ed5 sung nh\u1ecf ( 2-5 % ) , tuy nhi\u00ean wollastonite tr\u1edf th\u00e0nh m\u1ed9t d\u00f2ng m\u1ea1nh h\u01a1n khi nhi\u1ec7t \u0111\u1ed9 tr\u00ean 1100C \u0111i .<\/p>\n<p>Wollastonite tr\u01b0ng b\u00e0y m\u1ed9t kh\u1ea3 n\u0103ng h\u00f2a tan nh\u1eb9 trong n\u01b0\u1edbc , nh\u01b0ng Phi\u1ebfu ch\u1ee9a n\u00f3 c\u00f3 th\u1ec3 tr\u1edf n\u00ean ki\u1ec1m h\u01a1n (c\u00f3 kh\u1ea3 n\u0103ng \u1ea3nh h\u01b0\u1edfng \u0111\u1ebfn \u0111\u1eb7c t\u00ednh l\u01b0u bi\u1ebfn ) . \u0110i\u1ec1u n\u00e0y \u1ea3nh h\u01b0\u1edfng \u0111\u1ebfn xu h\u01b0\u1edbng c\u1ee7a n\u00f3 \u0111\u1ec3 t\u1ea1o agglomerates qu\u00e1 tr\u00ecnh b\u1ea3o qu\u1ea3n (m\u00e0 t\u1ea1o ra kh\u1ed1i u trong men \u0111\u00f2i s\u00e0ng ) . C\u00e1c nh\u00e0 s\u1ea3n xu\u1ea5t c\u1ea3nh b\u00e1o r\u1eb1ng ch\u1ee9ng kho\u00e1n s\u1ebd \u0111\u01b0\u1ee3c lu\u00e2n chuy\u1ec3n \u0111\u1ec3 ng\u0103n ch\u1eb7n n\u00f3 \u0111\u00e3 qu\u00e1 gi\u00e0 , m\u00e0 n\u00f3 ph\u1ea3i \u0111\u01b0\u1ee3c l\u01b0u tr\u1eef trong \u0111i\u1ec1u ki\u1ec7n kh\u00f4 v\u00e0 pallet kh\u00f4ng n\u00ean \u0111\u01b0\u1ee3c x\u1ebfp ch\u1ed3ng l\u00ean nhau h\u01a1n hai cao .<\/p>\n<p>\u1ede nhi\u1ec7t \u0111\u1ed9 cao h\u01a1n c\u00e1c d\u1ea1ng b\u1ed9t l\u00e0 c\u00f3 gi\u00e1 tr\u1ecb nh\u01b0 m\u1ed9t ngu\u1ed3n th\u00f4ng l\u01b0\u1ee3ng CaO trong l\u1edbp tr\u00e1ng men (v\u00e0 c\u01a1 quan ) . Ngu\u1ed3n nguy\u00ean li\u1ec7u ch\u00ednh kh\u00e1c c\u1ee7a CaO l\u00e0 whiting nh\u01b0ng n\u00f3 gi\u1ea3i ph\u00f3ng m\u1ed9t l\u01b0\u1ee3ng l\u1edbn c\u00e1c kh\u00ed ph\u00e2n h\u1ee7y m\u00e0 l\u00e0 s\u1ea3n xu\u1ea5t b\u1ecb \u0111\u00ecnh ch\u1ec9 vi bong b\u00f3ng m\u00e0 \u0111\u00f2i b\u1eafn ch\u1eadm \u0111\u1ec3 x\u00f3a . Ngo\u00e0i ra, t\u1eeb ngu\u1ed3n wollastonite Silica l\u00e0 t\u1ed1t, c\u00f4ng th\u1ee9c n\u1ea5u \u0103n men s\u1eed d\u1ee5ng n\u00f3 kh\u00f4ng c\u1ea7n nhi\u1ec1u b\u1ed9t silica li\u1ec7u . H\u01a1n n\u1eefa SiO<sub>2<\/sub>\u00a0v\u00e0 CaO ph\u1ea3n \u1ee9ng d\u1ec5 d\u00e0ng h\u01a1n \u0111\u1ec3 t\u1ea1o th\u00e0nh silicat. Nh\u01b0 v\u1eady wollastonite \u0111\u01b0\u1ee3c s\u1eed d\u1ee5ng nh\u01b0 l\u00e0 m\u1ed9t th\u00f4ng l\u01b0\u1ee3ng l\u1edbn trong v\u1ec7 sinh nhi\u1ec7t \u0111\u1ed9 cao v\u00e0 v\u1eadt c\u00e1ch \u0111i\u1ec7n .<\/p>\n<p>Trong th\u1ee7y tinh v\u00e0 s\u1ee3i th\u1ee7y tinh l\u00e0m wollastonite tan ch\u1ea3y d\u1ec5 d\u00e0ng h\u01a1n ( chi ph\u00ed n\u0103ng l\u01b0\u1ee3ng th\u1ea5p h\u01a1n) v\u00e0 h\u1ec7 microbubble l\u00e0 th\u1ea5p h\u01a1n so v\u1edbi h\u1ed7n h\u1ee3p \u0111\u00e1 v\u00f4i &#8211; c\u00e1t .<\/p>\n<p>Wollastonite c\u0169ng \u0111\u01b0\u1ee3c s\u1eed d\u1ee5ng trong nhu\u1ed9m v\u00e0 nguy\u00ean li\u1ec7u \u0111\u1ec3 n\u1ea5u th\u1ee9c \u0111\u1ec3 cung c\u1ea5p CaO trong m\u1ed9t h\u00ecnh th\u1ee9c d\u1ec5 d\u00e0ng h\u01a1n tan ch\u1ea3y. M\u1eb7c d\u00f9 m\u1eabu b\u1ed9t c\u00f3 th\u1ec3 xu\u1ea5t hi\u1ec7n kh\u00e1 gi\u1ed1ng v\u1edbi c\u1ea3m nh\u1eadn v\u00e0 b\u1eb1ng m\u1eaft th\u01b0\u1eddng , ch\u00fa \u00fd \u0111\u1ebfn s\u1ed1 l\u01b0\u1ee3ng 325 v\u1eadt ch\u1ea5t n\u1ebfu b\u1ea1n c\u1ea7n ph\u1ea3i chuy\u1ec3n \u0111\u1ed5i nh\u00e3n hi\u1ec7u ho\u1eb7c nh\u00e0 cung c\u1ea5p.<\/p>\n<p>\n<\/div><\/div><\/div><\/div><\/div><\/div><\/div><!-- cell_inner --><\/div><!-- cell --><\/div><!-- port --><\/section><\/p>\n","protected":false},"excerpt":{"rendered":"<p>Interactively procrastinate high-payoff content without backward-compatible data. Quickly cultivate optimal processes and tactical architectures. Completely iterate covalent strategic theme areas via accurate e-markets.<\/p>\n","protected":false},"author":1,"featured_media":1760,"parent":0,"menu_order":0,"comment_status":"closed","ping_status":"closed","template":"","meta":{"footnotes":""},"class_list":["post-1977","page","type-page","status-publish","has-post-thumbnail","hentry"],"yoast_head":"<!-- This site is optimized with the Yoast SEO plugin v26.9 - https:\/\/yoast.com\/product\/yoast-seo-wordpress\/ -->\n<title>WOLLASTONITE - Sericite Supplier Malaysia | Kaolin China Clay | Mica Powder<\/title>\n<meta name=\"robots\" content=\"index, follow, max-snippet:-1, max-image-preview:large, max-video-preview:-1\" \/>\n<link rel=\"canonical\" href=\"https:\/\/kaolin.com.my\/vi\/wollastonite\/\" \/>\n<meta property=\"og:locale\" content=\"vi_VN\" \/>\n<meta property=\"og:type\" content=\"article\" \/>\n<meta property=\"og:title\" content=\"WOLLASTONITE - Sericite Supplier Malaysia | Kaolin China Clay | Mica Powder\" \/>\n<meta property=\"og:description\" content=\"Interactively procrastinate high-payoff content without backward-compatible data. Quickly cultivate optimal processes and tactical architectures. Completely iterate covalent strategic theme areas via accurate e-markets.\" \/>\n<meta property=\"og:url\" content=\"https:\/\/kaolin.com.my\/vi\/wollastonite\/\" \/>\n<meta property=\"og:site_name\" content=\"Sericite Supplier Malaysia | Kaolin China Clay | Mica Powder\" \/>\n<meta property=\"article:modified_time\" content=\"2021-09-03T07:23:05+00:00\" \/>\n<meta property=\"og:image\" content=\"https:\/\/kaolin.com.my\/wp-content\/uploads\/2021\/05\/Kaolin_malaysia_Main_image.jpeg\" \/>\n\t<meta property=\"og:image:width\" content=\"1024\" \/>\n\t<meta property=\"og:image:height\" content=\"768\" \/>\n\t<meta property=\"og:image:type\" content=\"image\/jpeg\" \/>\n<meta name=\"twitter:card\" content=\"summary_large_image\" \/>\n<meta name=\"twitter:label1\" content=\"Est. reading time\" \/>\n\t<meta name=\"twitter:data1\" content=\"8 minutes\" \/>\n<script type=\"application\/ld+json\" class=\"yoast-schema-graph\">{\"@context\":\"https:\/\/schema.org\",\"@graph\":[{\"@type\":\"WebPage\",\"@id\":\"https:\/\/kaolin.com.my\/vi\/wollastonite\/\",\"url\":\"https:\/\/kaolin.com.my\/vi\/wollastonite\/\",\"name\":\"WOLLASTONITE - Sericite Supplier Malaysia | Kaolin China Clay | Mica Powder\",\"isPartOf\":{\"@id\":\"https:\/\/kaolin.com.my\/vi\/#website\"},\"primaryImageOfPage\":{\"@id\":\"https:\/\/kaolin.com.my\/vi\/wollastonite\/#primaryimage\"},\"image\":{\"@id\":\"https:\/\/kaolin.com.my\/vi\/wollastonite\/#primaryimage\"},\"thumbnailUrl\":\"https:\/\/kaolin.com.my\/wp-content\/uploads\/2021\/05\/Kaolin_malaysia_Main_image.jpeg\",\"datePublished\":\"2021-09-03T07:20:49+00:00\",\"dateModified\":\"2021-09-03T07:23:05+00:00\",\"breadcrumb\":{\"@id\":\"https:\/\/kaolin.com.my\/vi\/wollastonite\/#breadcrumb\"},\"inLanguage\":\"vi-VN\",\"potentialAction\":[{\"@type\":\"ReadAction\",\"target\":[\"https:\/\/kaolin.com.my\/vi\/wollastonite\/\"]}]},{\"@type\":\"ImageObject\",\"inLanguage\":\"vi-VN\",\"@id\":\"https:\/\/kaolin.com.my\/vi\/wollastonite\/#primaryimage\",\"url\":\"https:\/\/kaolin.com.my\/wp-content\/uploads\/2021\/05\/Kaolin_malaysia_Main_image.jpeg\",\"contentUrl\":\"https:\/\/kaolin.com.my\/wp-content\/uploads\/2021\/05\/Kaolin_malaysia_Main_image.jpeg\",\"width\":1024,\"height\":768},{\"@type\":\"BreadcrumbList\",\"@id\":\"https:\/\/kaolin.com.my\/vi\/wollastonite\/#breadcrumb\",\"itemListElement\":[{\"@type\":\"ListItem\",\"position\":1,\"name\":\"Home\",\"item\":\"https:\/\/kaolin.com.my\/vi\/\"},{\"@type\":\"ListItem\",\"position\":2,\"name\":\"WOLLASTONITE\"}]},{\"@type\":\"WebSite\",\"@id\":\"https:\/\/kaolin.com.my\/vi\/#website\",\"url\":\"https:\/\/kaolin.com.my\/vi\/\",\"name\":\"Sericite Supplier Malaysia | Kaolin China Clay | Mica Powder\",\"description\":\"\",\"publisher\":{\"@id\":\"https:\/\/kaolin.com.my\/vi\/#organization\"},\"potentialAction\":[{\"@type\":\"SearchAction\",\"target\":{\"@type\":\"EntryPoint\",\"urlTemplate\":\"https:\/\/kaolin.com.my\/vi\/?s={search_term_string}\"},\"query-input\":{\"@type\":\"PropertyValueSpecification\",\"valueRequired\":true,\"valueName\":\"search_term_string\"}}],\"inLanguage\":\"vi-VN\"},{\"@type\":\"Organization\",\"@id\":\"https:\/\/kaolin.com.my\/vi\/#organization\",\"name\":\"KAOLIN (MALAYSIA) SDN BHD\",\"url\":\"https:\/\/kaolin.com.my\/vi\/\",\"logo\":{\"@type\":\"ImageObject\",\"inLanguage\":\"vi-VN\",\"@id\":\"https:\/\/kaolin.com.my\/vi\/#\/schema\/logo\/image\/\",\"url\":\"https:\/\/slategrey-hawk-503702.hostingersite.com\/wp-content\/uploads\/2021\/09\/kaolin_logo-2.png\",\"contentUrl\":\"https:\/\/slategrey-hawk-503702.hostingersite.com\/wp-content\/uploads\/2021\/09\/kaolin_logo-2.png\",\"width\":474,\"height\":301,\"caption\":\"KAOLIN (MALAYSIA) SDN BHD\"},\"image\":{\"@id\":\"https:\/\/kaolin.com.my\/vi\/#\/schema\/logo\/image\/\"}}]}<\/script>\n<!-- \/ Yoast SEO plugin. -->","yoast_head_json":{"title":"WOLLASTONITE - Sericite Supplier Malaysia | Kaolin China Clay | Mica Powder","robots":{"index":"index","follow":"follow","max-snippet":"max-snippet:-1","max-image-preview":"max-image-preview:large","max-video-preview":"max-video-preview:-1"},"canonical":"https:\/\/kaolin.com.my\/vi\/wollastonite\/","og_locale":"vi_VN","og_type":"article","og_title":"WOLLASTONITE - Sericite Supplier Malaysia | Kaolin China Clay | Mica Powder","og_description":"Interactively procrastinate high-payoff content without backward-compatible data. Quickly cultivate optimal processes and tactical architectures. Completely iterate covalent strategic theme areas via accurate e-markets.","og_url":"https:\/\/kaolin.com.my\/vi\/wollastonite\/","og_site_name":"Sericite Supplier Malaysia | Kaolin China Clay | Mica Powder","article_modified_time":"2021-09-03T07:23:05+00:00","og_image":[{"width":1024,"height":768,"url":"https:\/\/kaolin.com.my\/wp-content\/uploads\/2021\/05\/Kaolin_malaysia_Main_image.jpeg","type":"image\/jpeg"}],"twitter_card":"summary_large_image","twitter_misc":{"Est. reading time":"8 minutes"},"schema":{"@context":"https:\/\/schema.org","@graph":[{"@type":"WebPage","@id":"https:\/\/kaolin.com.my\/vi\/wollastonite\/","url":"https:\/\/kaolin.com.my\/vi\/wollastonite\/","name":"WOLLASTONITE - Sericite Supplier Malaysia | Kaolin China Clay | Mica Powder","isPartOf":{"@id":"https:\/\/kaolin.com.my\/vi\/#website"},"primaryImageOfPage":{"@id":"https:\/\/kaolin.com.my\/vi\/wollastonite\/#primaryimage"},"image":{"@id":"https:\/\/kaolin.com.my\/vi\/wollastonite\/#primaryimage"},"thumbnailUrl":"https:\/\/kaolin.com.my\/wp-content\/uploads\/2021\/05\/Kaolin_malaysia_Main_image.jpeg","datePublished":"2021-09-03T07:20:49+00:00","dateModified":"2021-09-03T07:23:05+00:00","breadcrumb":{"@id":"https:\/\/kaolin.com.my\/vi\/wollastonite\/#breadcrumb"},"inLanguage":"vi-VN","potentialAction":[{"@type":"ReadAction","target":["https:\/\/kaolin.com.my\/vi\/wollastonite\/"]}]},{"@type":"ImageObject","inLanguage":"vi-VN","@id":"https:\/\/kaolin.com.my\/vi\/wollastonite\/#primaryimage","url":"https:\/\/kaolin.com.my\/wp-content\/uploads\/2021\/05\/Kaolin_malaysia_Main_image.jpeg","contentUrl":"https:\/\/kaolin.com.my\/wp-content\/uploads\/2021\/05\/Kaolin_malaysia_Main_image.jpeg","width":1024,"height":768},{"@type":"BreadcrumbList","@id":"https:\/\/kaolin.com.my\/vi\/wollastonite\/#breadcrumb","itemListElement":[{"@type":"ListItem","position":1,"name":"Home","item":"https:\/\/kaolin.com.my\/vi\/"},{"@type":"ListItem","position":2,"name":"WOLLASTONITE"}]},{"@type":"WebSite","@id":"https:\/\/kaolin.com.my\/vi\/#website","url":"https:\/\/kaolin.com.my\/vi\/","name":"Sericite Supplier Malaysia | Kaolin China Clay | Mica Powder","description":"","publisher":{"@id":"https:\/\/kaolin.com.my\/vi\/#organization"},"potentialAction":[{"@type":"SearchAction","target":{"@type":"EntryPoint","urlTemplate":"https:\/\/kaolin.com.my\/vi\/?s={search_term_string}"},"query-input":{"@type":"PropertyValueSpecification","valueRequired":true,"valueName":"search_term_string"}}],"inLanguage":"vi-VN"},{"@type":"Organization","@id":"https:\/\/kaolin.com.my\/vi\/#organization","name":"KAOLIN (MALAYSIA) SDN BHD","url":"https:\/\/kaolin.com.my\/vi\/","logo":{"@type":"ImageObject","inLanguage":"vi-VN","@id":"https:\/\/kaolin.com.my\/vi\/#\/schema\/logo\/image\/","url":"https:\/\/slategrey-hawk-503702.hostingersite.com\/wp-content\/uploads\/2021\/09\/kaolin_logo-2.png","contentUrl":"https:\/\/slategrey-hawk-503702.hostingersite.com\/wp-content\/uploads\/2021\/09\/kaolin_logo-2.png","width":474,"height":301,"caption":"KAOLIN (MALAYSIA) SDN BHD"},"image":{"@id":"https:\/\/kaolin.com.my\/vi\/#\/schema\/logo\/image\/"}}]}},"_links":{"self":[{"href":"https:\/\/kaolin.com.my\/vi\/wp-json\/wp\/v2\/pages\/1977","targetHints":{"allow":["GET"]}}],"collection":[{"href":"https:\/\/kaolin.com.my\/vi\/wp-json\/wp\/v2\/pages"}],"about":[{"href":"https:\/\/kaolin.com.my\/vi\/wp-json\/wp\/v2\/types\/page"}],"author":[{"embeddable":true,"href":"https:\/\/kaolin.com.my\/vi\/wp-json\/wp\/v2\/users\/1"}],"replies":[{"embeddable":true,"href":"https:\/\/kaolin.com.my\/vi\/wp-json\/wp\/v2\/comments?post=1977"}],"version-history":[{"count":0,"href":"https:\/\/kaolin.com.my\/vi\/wp-json\/wp\/v2\/pages\/1977\/revisions"}],"wp:featuredmedia":[{"embeddable":true,"href":"https:\/\/kaolin.com.my\/vi\/wp-json\/wp\/v2\/media\/1760"}],"wp:attachment":[{"href":"https:\/\/kaolin.com.my\/vi\/wp-json\/wp\/v2\/media?parent=1977"}],"curies":[{"name":"wp","href":"https:\/\/api.w.org\/{rel}","templated":true}]}}