{"id":2810,"date":"2021-09-02T03:24:50","date_gmt":"2021-09-02T03:24:50","guid":{"rendered":"https:\/\/kaolin.com.my\/careers\/"},"modified":"2025-06-24T03:09:28","modified_gmt":"2025-06-24T03:09:28","slug":"careers","status":"publish","type":"page","link":"https:\/\/kaolin.com.my\/vi\/careers\/","title":{"rendered":"C\u01a1 h\u1ed9i ngh\u1ec1 nghi\u1ec7p"},"content":{"rendered":"<p><section id=\"bt_bb_section69ea4b47bf9fd\" class=\"bt_bb_section bt_bb_color_scheme_11 bt_bb_layout_boxed_1200 bt_bb_vertical_align_top bt_bb_background_overlay_alternate_solid bt_bb_top_spacing_extra_large bt_bb_bottom_spacing_large bt-dark-skin\" style=\"; --section-primary-color:#ffffff; --section-secondary-color:#2580e8;\" data-bt-override-class=\"null\"><div class=\"bt_bb_background_image_holder_wrapper\"><div class=\"bt_bb_background_image_holder btLazyLoadBackground\"  data-background_image_src=\"https:\/\/kaolin.com.my\/wp-content\/uploads\/2021\/05\/Kaolin_malaysia_Main_image.jpg\" data-parallax-zoom-start=\"1\" data-parallax-zoom-end=\"1\" data-parallax-blur-start=\"0\" data-parallax-blur-end=\"0\" data-parallax-opacity-start=\"1\" data-parallax-opacity-end=\"1\" style=\" background-image: url(&#039;https:\/\/kaolin.com.my\/wp-content\/plugins\/bold-page-builder\/img\/blank.gif&#039;);\"><\/div><\/div><div class=\"bt_bb_port\"><div class=\"bt_bb_cell\"><div class=\"bt_bb_cell_inner\"><div class=\"bt_bb_row \"  data-bt-override-class=\"{}\"><div class=\"bt_bb_row_holder\" ><div  class=\"bt_bb_column col-xxl-6 col-xl-6 bt_bb_vertical_align_top bt_bb_align_left bt_bb_padding_normal bt_bb_animation_fade_in zoom_out animate\" style=\"; --column-width:6;\" data-width=\"6\" data-bt-override-class=\"{}\"><div class=\"bt_bb_column_content\"><div class=\"bt_bb_column_content_inner\"><header data-bb-version=\"5.2.8\" class=\"bt_bb_headline bt_bb_font_weight_lighter bt_bb_color_scheme_1 bt_bb_dash_top bt_bb_size_inherit bt_bb_align_inherit\" style=\"; --headline-primary-color:#ffffff; --headline-secondary-color:#000000;\" data-bt-override-class=\"{&quot;bt_bb_size_&quot;:{&quot;current_class&quot;:&quot;bt_bb_size_inherit&quot;,&quot;def&quot;:&quot;inherit&quot;},&quot;bt_bb_align_&quot;:{&quot;current_class&quot;:&quot;bt_bb_align_inherit&quot;,&quot;def&quot;:&quot;inherit&quot;}}\"><h1><span class=\"bt_bb_headline_content\"><span>C\u01a1 h\u1ed9i ngh\u1ec1 nghi\u1ec7p<\/span><\/span><\/h1><\/header><div class=\"bt_bb_separator bt_bb_border_style_none bt_bb_bottom_spacing_60\" data-bt-override-class=\"null\"><\/div><\/div><\/div><\/div><div  class=\"bt_bb_column col-xxl-6 col-xl-6 bt_bb_vertical_align_top bt_bb_align_center bt_bb_padding_normal\" style=\"; --column-width:6;\" data-width=\"6\" data-bt-override-class=\"{}\"><div class=\"bt_bb_column_content\"><div class=\"bt_bb_column_content_inner\"><\/div><\/div><\/div><\/div><\/div><\/div><!-- cell_inner --><\/div><!-- cell --><\/div><!-- port --><\/section><section id=\"bt_bb_section69ea4b47bff3b\" class=\"bt_bb_section bt_bb_layout_boxed_1200 bt_bb_vertical_align_top bt_bb_top_spacing_normal bt_bb_bottom_spacing_normal\"  data-bt-override-class=\"null\"><div class=\"bt_bb_port\"><div class=\"bt_bb_cell\"><div class=\"bt_bb_cell_inner\"><div class=\"bt_bb_row \"  data-bt-override-class=\"{}\"><div class=\"bt_bb_row_holder\" ><div  class=\"bt_bb_column col-xxl-4 col-xl-4 col-xs-12 col-sm-12 col-md-12 col-lg-4 bt_bb_vertical_align_top bt_bb_align_left bt_bb_padding_normal\" style=\"; --column-width:4;\" data-width=\"4\" data-bt-override-class=\"{}\"><div class=\"bt_bb_column_content\"><div class=\"bt_bb_column_content_inner\"><div  class=\"bt_bb_text\" ><\/p>\n<div class=\"maintitle\">Li\u00ean h\u1ec7 v\u1edbi ch\u00fang t\u00f4i t\u1ea1i:<\/div>\n<div class=\"companyname\"><strong>KAOLIN (MALAYSIA) SDN BHD<\/strong><\/div>\n<p><strong>Tr\u1ee5 s\u1edf ch\u00ednh<\/strong><br \/>\nNo.5 &amp; 7, Jalan TPP 5\/17,<br \/>\nTaman Perindustrian Puchong,<br \/>\n47100 Puchong, Selangor, Malaysia.<\/p>\n<div class=\"contact\">\n<p>N\u1ebfu b\u1ea1n quan t\u00e2m, vui l\u00f2ng n\u1ed9p h\u1ed3 s\u01a1 qua \u0111\u1ecba ch\u1ec9<br \/>\n<strong>Email<\/strong> :\u00a0<a href=\"mailto:lellis@kaolinmalaysia.com\">lellis@kaolinmalaysia.com<\/a><\/p>\n<\/div>\n<p>\n<\/div><\/div><\/div><\/div><div  class=\"bt_bb_column col-xxl-8 col-xl-8 col-xs-12 col-sm-12 col-md-12 col-lg-8 bt_bb_vertical_align_top bt_bb_align_left bt_bb_padding_normal\" style=\"; --column-width:8;\" data-width=\"8\" data-bt-override-class=\"{}\"><div class=\"bt_bb_column_content\"><div class=\"bt_bb_column_content_inner\"><header data-bb-version=\"5.2.8\" class=\"bt_bb_headline bt_bb_dash_none bt_bb_superheadline bt_bb_subheadline bt_bb_size_inherit bt_bb_align_inherit\" data-bt-override-class=\"{&quot;bt_bb_size_&quot;:{&quot;current_class&quot;:&quot;bt_bb_size_inherit&quot;,&quot;def&quot;:&quot;inherit&quot;},&quot;bt_bb_align_&quot;:{&quot;current_class&quot;:&quot;bt_bb_align_inherit&quot;,&quot;def&quot;:&quot;inherit&quot;}}\"><h1><span class=\"bt_bb_headline_superheadline\"><span>\u1ee8NG TUY\u1ec2N NGAY<\/span><\/span><span class=\"bt_bb_headline_content\"><span>C\u01a1 H\u1ed9i Ngh\u1ec1 Nghi\u1ec7p<\/span><\/span><\/h1><div class=\"bt_bb_headline_subheadline\">Kaolin (Malaysia) Sdn Bhd \u0111\u01b0\u1ee3c th\u00e0nh l\u1eadp t\u1eeb n\u0103m 1970. L\u00e0 m\u1ed9t trong nh\u1eefng c\u00f4ng ty kho\u00e1ng s\u1ea3n c\u00f4ng nghi\u1ec7p ph\u00e1t tri\u1ec3n nhanh nh\u1ea5t t\u1ea1i Malaysia, ch\u00fang t\u00f4i \u0111ang m\u1edf r\u1ed9ng m\u1ea1nh m\u1ebd ra th\u1ecb tr\u01b0\u1eddng to\u00e0n c\u1ea7u v\u00e0 t\u00ecm ki\u1ebfm nh\u1eefng c\u00e1 nh\u00e2n n\u0103ng \u0111\u1ed9ng, c\u00f3 \u0111\u1ed9ng l\u1ef1c cao \u0111\u1ec3 c\u00f9ng \u0111\u1ed3ng h\u00e0nh v\u00e0 \u0111\u01b0a c\u00f4ng ty ph\u00e1t tri\u1ec3n l\u00ean m\u1ed9t t\u1ea7m cao m\u1edbi.<\/div><\/header><div class=\"bt_bb_accordion bt_bb_style_simple bt_bb_shape_rounded bt_bb_hidden_xs bt_bb_hidden_ms bt_bb_hidden_sm bt_bb_hidden_md bt_bb_hidden_lg\" data-closed=closed><div class=\"bt_bb_accordion_item\"><div class=\"bt_bb_accordion_item_title\">Accounts &amp; HR Admin Assistant \/ Executive Assistant Manager<\/div><div class=\"bt_bb_accordion_item_content\"><div  class=\"bt_bb_text\" ><\/p>\n<p>Based in Head Office (Puchong, Selangor)<\/p>\n<div class=\"responsibility\">\n<p><strong>Responsibilities:<\/strong><\/p>\n<ul>\n<li>To prepare payment and ensure the completeness and accuracy of all invoices before being authorized by respective HOD.<\/li>\n<li>Able to handle account independently with minimum supervision.<\/li>\n<li>Assist in routine office admin work such as documentation, filing and correspondence.<\/li>\n<li>To set up and monitor internal control system for all departments.<\/li>\n<li>To set up cost calculation procedure for all departments to ensure accuracy of product cost.<\/li>\n<li>To assist other matters pertaining to the accounts on ad-hoc basis.<\/li>\n<\/ul>\n<\/div>\n<div class=\"requirements\">\n<p><strong>Requirements:<\/strong><\/p>\n<ul>\n<li>Candidate must possess at least Secondary School\/SPM\/&#8221;O&#8221; Level, Higher Secondary\/STPM\/&#8221;A&#8221; Level\/Pre-U, Diploma or Advanced\/Higher\/Graduate Diploma in Business Studies\/Administration\/Management, Marketing, Finance\/Accountancy\/Banking, Commerce or equivalent.<\/li>\n<li>Required language(s): Bahasa Malaysia, English<\/li>\n<li>At least one of year of working experience in the related field is required for this position.<\/li>\n<li>Preferably Senior Executives specializing in Finance \u2013 General\/Cost Accounting or equivalent.<\/li>\n<li>Fresh graduates who are highly productive are also encouraged apply.<\/li>\n<\/ul>\n<\/div>\n<p>\n<\/div><\/div><\/div><\/div><\/div><\/div><\/div><\/div><\/div><\/div><!-- cell_inner --><\/div><!-- cell --><\/div><!-- port --><\/section><\/p>\n","protected":false},"excerpt":{"rendered":"<p>Interactively procrastinate high-payoff content without backward-compatible data. Quickly cultivate optimal processes and tactical architectures. Completely iterate covalent strategic theme areas via accurate e-markets.<\/p>\n","protected":false},"author":1,"featured_media":0,"parent":0,"menu_order":0,"comment_status":"closed","ping_status":"closed","template":"","meta":{"footnotes":""},"class_list":["post-2810","page","type-page","status-publish","hentry"],"yoast_head":"<!-- This site is optimized with the Yoast SEO plugin v26.9 - https:\/\/yoast.com\/product\/yoast-seo-wordpress\/ -->\n<title>C\u01a1 h\u1ed9i ngh\u1ec1 nghi\u1ec7p - Sericite Supplier Malaysia | Kaolin China Clay | Mica Powder<\/title>\n<meta name=\"robots\" content=\"index, follow, max-snippet:-1, max-image-preview:large, max-video-preview:-1\" \/>\n<link rel=\"canonical\" href=\"https:\/\/kaolin.com.my\/vi\/careers\/\" \/>\n<meta property=\"og:locale\" content=\"vi_VN\" \/>\n<meta property=\"og:type\" content=\"article\" \/>\n<meta property=\"og:title\" content=\"C\u01a1 h\u1ed9i ngh\u1ec1 nghi\u1ec7p - Sericite Supplier Malaysia | Kaolin China Clay | Mica Powder\" \/>\n<meta property=\"og:description\" content=\"Interactively procrastinate high-payoff content without backward-compatible data. Quickly cultivate optimal processes and tactical architectures. Completely iterate covalent strategic theme areas via accurate e-markets.\" \/>\n<meta property=\"og:url\" content=\"https:\/\/kaolin.com.my\/vi\/careers\/\" \/>\n<meta property=\"og:site_name\" content=\"Sericite Supplier Malaysia | Kaolin China Clay | Mica Powder\" \/>\n<meta property=\"article:modified_time\" content=\"2025-06-24T03:09:28+00:00\" \/>\n<meta name=\"twitter:card\" content=\"summary_large_image\" \/>\n<meta name=\"twitter:label1\" content=\"Est. reading time\" \/>\n\t<meta name=\"twitter:data1\" content=\"2 minutes\" \/>\n<script type=\"application\/ld+json\" class=\"yoast-schema-graph\">{\"@context\":\"https:\/\/schema.org\",\"@graph\":[{\"@type\":\"WebPage\",\"@id\":\"https:\/\/kaolin.com.my\/vi\/careers\/\",\"url\":\"https:\/\/kaolin.com.my\/vi\/careers\/\",\"name\":\"C\u01a1 h\u1ed9i ngh\u1ec1 nghi\u1ec7p - Sericite Supplier Malaysia | Kaolin China Clay | Mica Powder\",\"isPartOf\":{\"@id\":\"https:\/\/kaolin.com.my\/#website\"},\"datePublished\":\"2021-09-02T03:24:50+00:00\",\"dateModified\":\"2025-06-24T03:09:28+00:00\",\"breadcrumb\":{\"@id\":\"https:\/\/kaolin.com.my\/vi\/careers\/#breadcrumb\"},\"inLanguage\":\"vi-VN\",\"potentialAction\":[{\"@type\":\"ReadAction\",\"target\":[\"https:\/\/kaolin.com.my\/vi\/careers\/\"]}]},{\"@type\":\"BreadcrumbList\",\"@id\":\"https:\/\/kaolin.com.my\/vi\/careers\/#breadcrumb\",\"itemListElement\":[{\"@type\":\"ListItem\",\"position\":1,\"name\":\"Home\",\"item\":\"https:\/\/kaolin.com.my\/vi\/\"},{\"@type\":\"ListItem\",\"position\":2,\"name\":\"C\u01a1 h\u1ed9i ngh\u1ec1 nghi\u1ec7p\"}]},{\"@type\":\"WebSite\",\"@id\":\"https:\/\/kaolin.com.my\/#website\",\"url\":\"https:\/\/kaolin.com.my\/\",\"name\":\"Sericite Supplier Malaysia | Kaolin China Clay | Mica Powder\",\"description\":\"\",\"publisher\":{\"@id\":\"https:\/\/kaolin.com.my\/#organization\"},\"potentialAction\":[{\"@type\":\"SearchAction\",\"target\":{\"@type\":\"EntryPoint\",\"urlTemplate\":\"https:\/\/kaolin.com.my\/?s={search_term_string}\"},\"query-input\":{\"@type\":\"PropertyValueSpecification\",\"valueRequired\":true,\"valueName\":\"search_term_string\"}}],\"inLanguage\":\"vi-VN\"},{\"@type\":\"Organization\",\"@id\":\"https:\/\/kaolin.com.my\/#organization\",\"name\":\"KAOLIN (MALAYSIA) SDN BHD\",\"url\":\"https:\/\/kaolin.com.my\/\",\"logo\":{\"@type\":\"ImageObject\",\"inLanguage\":\"vi-VN\",\"@id\":\"https:\/\/kaolin.com.my\/#\/schema\/logo\/image\/\",\"url\":\"https:\/\/slategrey-hawk-503702.hostingersite.com\/wp-content\/uploads\/2021\/09\/kaolin_logo-2.png\",\"contentUrl\":\"https:\/\/slategrey-hawk-503702.hostingersite.com\/wp-content\/uploads\/2021\/09\/kaolin_logo-2.png\",\"width\":474,\"height\":301,\"caption\":\"KAOLIN (MALAYSIA) SDN BHD\"},\"image\":{\"@id\":\"https:\/\/kaolin.com.my\/#\/schema\/logo\/image\/\"}}]}<\/script>\n<!-- \/ Yoast SEO plugin. -->","yoast_head_json":{"title":"C\u01a1 h\u1ed9i ngh\u1ec1 nghi\u1ec7p - Sericite Supplier Malaysia | Kaolin China Clay | Mica Powder","robots":{"index":"index","follow":"follow","max-snippet":"max-snippet:-1","max-image-preview":"max-image-preview:large","max-video-preview":"max-video-preview:-1"},"canonical":"https:\/\/kaolin.com.my\/vi\/careers\/","og_locale":"vi_VN","og_type":"article","og_title":"C\u01a1 h\u1ed9i ngh\u1ec1 nghi\u1ec7p - Sericite Supplier Malaysia | Kaolin China Clay | Mica Powder","og_description":"Interactively procrastinate high-payoff content without backward-compatible data. Quickly cultivate optimal processes and tactical architectures. Completely iterate covalent strategic theme areas via accurate e-markets.","og_url":"https:\/\/kaolin.com.my\/vi\/careers\/","og_site_name":"Sericite Supplier Malaysia | Kaolin China Clay | Mica Powder","article_modified_time":"2025-06-24T03:09:28+00:00","twitter_card":"summary_large_image","twitter_misc":{"Est. reading time":"2 minutes"},"schema":{"@context":"https:\/\/schema.org","@graph":[{"@type":"WebPage","@id":"https:\/\/kaolin.com.my\/vi\/careers\/","url":"https:\/\/kaolin.com.my\/vi\/careers\/","name":"C\u01a1 h\u1ed9i ngh\u1ec1 nghi\u1ec7p - Sericite Supplier Malaysia | Kaolin China Clay | Mica Powder","isPartOf":{"@id":"https:\/\/kaolin.com.my\/#website"},"datePublished":"2021-09-02T03:24:50+00:00","dateModified":"2025-06-24T03:09:28+00:00","breadcrumb":{"@id":"https:\/\/kaolin.com.my\/vi\/careers\/#breadcrumb"},"inLanguage":"vi-VN","potentialAction":[{"@type":"ReadAction","target":["https:\/\/kaolin.com.my\/vi\/careers\/"]}]},{"@type":"BreadcrumbList","@id":"https:\/\/kaolin.com.my\/vi\/careers\/#breadcrumb","itemListElement":[{"@type":"ListItem","position":1,"name":"Home","item":"https:\/\/kaolin.com.my\/vi\/"},{"@type":"ListItem","position":2,"name":"C\u01a1 h\u1ed9i ngh\u1ec1 nghi\u1ec7p"}]},{"@type":"WebSite","@id":"https:\/\/kaolin.com.my\/#website","url":"https:\/\/kaolin.com.my\/","name":"Sericite Supplier Malaysia | Kaolin China Clay | Mica Powder","description":"","publisher":{"@id":"https:\/\/kaolin.com.my\/#organization"},"potentialAction":[{"@type":"SearchAction","target":{"@type":"EntryPoint","urlTemplate":"https:\/\/kaolin.com.my\/?s={search_term_string}"},"query-input":{"@type":"PropertyValueSpecification","valueRequired":true,"valueName":"search_term_string"}}],"inLanguage":"vi-VN"},{"@type":"Organization","@id":"https:\/\/kaolin.com.my\/#organization","name":"KAOLIN (MALAYSIA) SDN BHD","url":"https:\/\/kaolin.com.my\/","logo":{"@type":"ImageObject","inLanguage":"vi-VN","@id":"https:\/\/kaolin.com.my\/#\/schema\/logo\/image\/","url":"https:\/\/slategrey-hawk-503702.hostingersite.com\/wp-content\/uploads\/2021\/09\/kaolin_logo-2.png","contentUrl":"https:\/\/slategrey-hawk-503702.hostingersite.com\/wp-content\/uploads\/2021\/09\/kaolin_logo-2.png","width":474,"height":301,"caption":"KAOLIN (MALAYSIA) SDN BHD"},"image":{"@id":"https:\/\/kaolin.com.my\/#\/schema\/logo\/image\/"}}]}},"_links":{"self":[{"href":"https:\/\/kaolin.com.my\/vi\/wp-json\/wp\/v2\/pages\/2810","targetHints":{"allow":["GET"]}}],"collection":[{"href":"https:\/\/kaolin.com.my\/vi\/wp-json\/wp\/v2\/pages"}],"about":[{"href":"https:\/\/kaolin.com.my\/vi\/wp-json\/wp\/v2\/types\/page"}],"author":[{"embeddable":true,"href":"https:\/\/kaolin.com.my\/vi\/wp-json\/wp\/v2\/users\/1"}],"replies":[{"embeddable":true,"href":"https:\/\/kaolin.com.my\/vi\/wp-json\/wp\/v2\/comments?post=2810"}],"version-history":[{"count":3,"href":"https:\/\/kaolin.com.my\/vi\/wp-json\/wp\/v2\/pages\/2810\/revisions"}],"predecessor-version":[{"id":2858,"href":"https:\/\/kaolin.com.my\/vi\/wp-json\/wp\/v2\/pages\/2810\/revisions\/2858"}],"wp:attachment":[{"href":"https:\/\/kaolin.com.my\/vi\/wp-json\/wp\/v2\/media?parent=2810"}],"curies":[{"name":"wp","href":"https:\/\/api.w.org\/{rel}","templated":true}]}}