{"id":2820,"date":"2025-05-23T01:24:03","date_gmt":"2025-05-23T01:24:03","guid":{"rendered":"https:\/\/kaolin.com.my\/kaolin-mica-powder\/"},"modified":"2025-06-23T05:44:52","modified_gmt":"2025-06-23T05:44:52","slug":"bot-mica","status":"publish","type":"page","link":"https:\/\/kaolin.com.my\/vi\/bot-mica\/","title":{"rendered":"B\u1ed9t mica"},"content":{"rendered":"<p><section id=\"bt_bb_section69ea4b47c435a\" class=\"bt_bb_section bt_bb_color_scheme_11 bt_bb_layout_boxed_1200 bt_bb_vertical_align_top bt_bb_background_overlay_alternate_solid bt_bb_top_spacing_extra_large bt_bb_bottom_spacing_large bt-dark-skin\" style=\"; --section-primary-color:#ffffff; --section-secondary-color:#2580e8;\" data-bt-override-class=\"null\"><div class=\"bt_bb_background_image_holder_wrapper\"><div class=\"bt_bb_background_image_holder btLazyLoadBackground\"  data-background_image_src=\"https:\/\/kaolin.com.my\/wp-content\/uploads\/2021\/05\/Kaolin_malaysia_Main_image.jpg\" data-parallax-zoom-start=\"1\" data-parallax-zoom-end=\"1\" data-parallax-blur-start=\"0\" data-parallax-blur-end=\"0\" data-parallax-opacity-start=\"1\" data-parallax-opacity-end=\"1\" style=\" background-image: url(&#039;https:\/\/kaolin.com.my\/wp-content\/plugins\/bold-page-builder\/img\/blank.gif&#039;);\"><\/div><\/div><div class=\"bt_bb_port\"><div class=\"bt_bb_cell\"><div class=\"bt_bb_cell_inner\"><div class=\"bt_bb_row \"  data-bt-override-class=\"{}\"><div class=\"bt_bb_row_holder\" ><div  class=\"bt_bb_column col-xxl-6 col-xl-6 bt_bb_vertical_align_top bt_bb_align_left bt_bb_padding_normal bt_bb_animation_fade_in zoom_out animate\" style=\"; --column-width:6;\" data-width=\"6\" data-bt-override-class=\"{}\"><div class=\"bt_bb_column_content\"><div class=\"bt_bb_column_content_inner\"><header data-bb-version=\"5.2.8\" class=\"bt_bb_headline bt_bb_font_weight_lighter bt_bb_color_scheme_1 bt_bb_dash_top bt_bb_superheadline bt_bb_size_inherit bt_bb_align_inherit\" style=\"; --headline-primary-color:#ffffff; --headline-secondary-color:#000000;\" data-bt-override-class=\"{&quot;bt_bb_size_&quot;:{&quot;current_class&quot;:&quot;bt_bb_size_inherit&quot;,&quot;def&quot;:&quot;inherit&quot;},&quot;bt_bb_align_&quot;:{&quot;current_class&quot;:&quot;bt_bb_align_inherit&quot;,&quot;def&quot;:&quot;inherit&quot;}}\"><div class=\"bt_bb_headline_superheadline_outside\"><span class=\"bt_bb_headline_superheadline\"><span>Kh\u00f4ng c\u1ea7n t\u00ecm \u0111\u00e2u xa<\/span><\/span><\/div><h1><span class=\"bt_bb_headline_content\"><span>Mang \u0111\u1ebfn gi\u1ea3i ph\u00e1p v\u01b0\u1ee3t ngo\u00e0i mong \u0111\u1ee3i<\/span><\/span><\/h1><\/header><div class=\"bt_bb_separator bt_bb_border_style_none bt_bb_bottom_spacing_60\" data-bt-override-class=\"null\"><\/div><\/div><\/div><\/div><div  class=\"bt_bb_column col-xxl-6 col-xl-6 bt_bb_vertical_align_top bt_bb_align_center bt_bb_padding_normal\" style=\"; --column-width:6;\" data-width=\"6\" data-bt-override-class=\"{}\"><div class=\"bt_bb_column_content\"><div class=\"bt_bb_column_content_inner\"><\/div><\/div><\/div><\/div><\/div><\/div><!-- cell_inner --><\/div><!-- cell --><\/div><!-- port --><\/section><section id=\"bt_bb_section69ea4b47c4a5a\" class=\"bt_bb_section bt_bb_layout_boxed_1200 bt_bb_vertical_align_top bt_bb_top_spacing_normal bt_bb_bottom_spacing_normal\"  data-bt-override-class=\"null\"><div class=\"bt_bb_port\"><div class=\"bt_bb_cell\"><div class=\"bt_bb_cell_inner\"><div class=\"bt_bb_row \"  data-bt-override-class=\"{}\"><div class=\"bt_bb_row_holder\" ><div  class=\"bt_bb_column col-xxl-12 col-xl-12 col-xs-12 col-sm-12 col-md-12 col-lg-12 bt_bb_vertical_align_top bt_bb_align_left bt_bb_padding_normal\" style=\"; --column-width:12;\" data-width=\"12\" data-bt-override-class=\"{}\"><div class=\"bt_bb_column_content\"><div class=\"bt_bb_column_content_inner\"><header data-bb-version=\"5.2.8\" class=\"bt_bb_headline bt_bb_dash_none bt_bb_superheadline bt_bb_size_inherit bt_bb_align_inherit\" data-bt-override-class=\"{&quot;bt_bb_size_&quot;:{&quot;current_class&quot;:&quot;bt_bb_size_inherit&quot;,&quot;def&quot;:&quot;inherit&quot;},&quot;bt_bb_align_&quot;:{&quot;current_class&quot;:&quot;bt_bb_align_inherit&quot;,&quot;def&quot;:&quot;inherit&quot;}}\"><h1><span class=\"bt_bb_headline_superheadline\"><span>S\u1ea3n ph\u1ea9m c\u1ee7a ch\u00fang t\u00f4i<\/span><\/span><span class=\"bt_bb_headline_content\"><span>B\u1ed9t mica<br \/><br \/>\n<\/span><\/span><\/h1><\/header><div class=\"bt_bb_separator bt_bb_border_style_none bt_bb_bottom_spacing_normal\" data-bt-override-class=\"null\"><\/div><div  class=\"bt_bb_text\" ><\/p>\n<p class=\"p1\">B\u1ed9t mica l\u00e0 m\u1ed9t silicat nh\u00f4m kali ng\u1eadm n\u01b0\u1edbc c\u00f3 c\u1ea5u tr\u00fac d\u1ea1ng t\u1ea5m, l\u00fd t\u01b0\u1edfng \u0111\u1ec3 s\u1eed d\u1ee5ng l\u00e0m ch\u1ea5t ch\u1ed1ng d\u00ednh v\u00e0 ch\u1ed1ng b\u00e1m d\u00ednh. N\u00f3 c\u0169ng \u0111\u01b0\u1ee3c d\u00f9ng l\u00e0m l\u1edbp ph\u1ee7 tr\u1ee3 dung cho que h\u00e0n v\u00e0 ch\u1ea5t t\u00e1ch khu\u00f4n. Trong ng\u00e0nh s\u01a1n \u00f4 t\u00f4, mica mang l\u1ea1i kh\u1ea3 n\u0103ng ch\u1ed1ng \u0103n m\u00f2n v\u00e0 t\u1ea1o hi\u1ec7u \u1ee9ng m\u00e0u kim lo\u1ea1i hai t\u00f4ng.<\/p>\n<p class=\"p1\"><strong>C\u1ea5u tr\u00fac &amp; Th\u00e0nh ph\u1ea7n H\u00f3a h\u1ecdc<\/strong><\/p>\n<p class=\"p1\">B\u1ed9t mica ch\u1ee7 y\u1ebfu bao g\u1ed3m:<\/p>\n<ul>\n<li>Silicat Nh\u00f4m Kali \u2013 KAl\u2082(AlSi\u2083O\u2081\u2080)(OH)\u2082<\/li>\n<li>Thu\u1ed9c nh\u00f3m kho\u00e1ng ch\u1ea5t phyllosilicate (silicat d\u1ea1ng t\u1ea5m).<\/li>\n<li>C\u1ea5u tr\u00fac d\u1ea1ng t\u1ea5m do c\u00e1c l\u1edbp silicat x\u1ebfp ch\u1ed3ng v\u1edbi li\u00ean k\u1ebft y\u1ebfu, cho ph\u00e9p d\u1ec5 d\u00e0ng t\u00e1ch th\u00e0nh c\u00e1c v\u1ea3y m\u1ecfng.<\/li>\n<\/ul>\n<p class=\"p1\"><strong>\u0110\u1eb7c t\u00ednh ch\u00ednh<\/strong><\/p>\n<ul>\n<li class=\"p1\"><strong>C\u1ea5u tr\u00fac d\u1ea1ng t\u1ea5m, l\u1edbp<\/strong> \u2013 c\u00e1c h\u1ea1t m\u1ecfng, ph\u1eb3ng v\u1edbi t\u1ef7 l\u1ec7 chi\u1ec1u d\u00e0i l\u1edbn<\/li>\n<li class=\"p1\"><strong>H\u00f3a h\u1ecdc \u1ed5n \u0111\u1ecbnh<\/strong><\/li>\n<li class=\"p1\"><strong>\u1ed4n \u0111\u1ecbnh nhi\u1ec7t<\/strong> \u2013 ch\u1ecbu \u0111\u01b0\u1ee3c nhi\u1ec7t \u0111\u1ed9 cao (l\u00ean \u0111\u1ebfn ~1000\u00b0C)<\/li>\n<li class=\"p1\"><strong>Kh\u00f4ng d\u1eabn \u0111i\u1ec7n<\/strong> \u2013 c\u00e1ch \u0111i\u1ec7n tuy\u1ec7t v\u1eddi<\/li>\n<li class=\"p1\"><strong>Ch\u1ed1ng tia UV v\u00e0 th\u1eddi ti\u1ebft<\/strong><\/li>\n<li class=\"p1\"><strong>B\u00f3ng v\u00e0 s\u00e1ng<\/strong> \u2013 t\u1ea1o hi\u1ec7u \u1ee9ng \u00e1nh ng\u1ecdc trai ho\u1eb7c \u00e1nh kim<\/li>\n<li class=\"p1\"><strong>H\u1ea5p th\u1ee5 \u1ea9m th\u1ea5p<\/strong><\/li>\n<li class=\"p1\"><strong>M\u1ec1m v\u00e0 linh ho\u1ea1t<\/strong><\/li>\n<li class=\"p1\"><strong>Ch\u1ed1ng d\u00ednh \/ ch\u1ed1ng b\u00e1m<\/strong><\/li>\n<\/ul>\n<p class=\"p1\"><strong>\u1ee8ng d\u1ee5ng trong c\u00f4ng nghi\u1ec7p<\/strong><\/p>\n<table>\n<thead>\n<tr>\n<th>Ng\u00e0nh<\/th>\n<th>\u1ee8ng d\u1ee5ng<\/th>\n<\/tr>\n<\/thead>\n<tbody>\n<tr>\n<td><strong>Nh\u1ef1a<\/strong><\/td>\n<td>Ho\u1ea1t \u0111\u1ed9ng nh\u01b0 ch\u1ea5t gia c\u01b0\u1eddng gi\u00fap c\u1ea3i thi\u1ec7n \u0111\u1ed9 \u1ed5n \u0111\u1ecbnh k\u00edch th\u01b0\u1edbc, \u0111\u1ed9 m\u1ecbn b\u1ec1 m\u1eb7t v\u00e0 \u0111\u1eb7c t\u00ednh ch\u1ed1ng d\u00ednh trong PE, PP, PVC v\u00e0 nh\u1ef1a k\u1ef9 thu\u1eadt.<\/td>\n<\/tr>\n<tr>\n<td><strong>S\u01a1n &amp; L\u1edbp ph\u1ee7<\/strong><\/td>\n<td>T\u0103ng kh\u1ea3 n\u0103ng ch\u1ed1ng tia UV, ch\u1ed1ng \u0103n m\u00f2n, c\u1ea3i thi\u1ec7n \u0111\u1ed9 b\u00e1m d\u00ednh v\u00e0 t\u1ea1o hi\u1ec7u \u1ee9ng \u00e1nh kim\/hai t\u00f4ng trong s\u01a1n \u00f4 t\u00f4 v\u00e0 trang tr\u00ed.<\/td>\n<\/tr>\n<tr>\n<td><strong>Que h\u00e0n<\/strong><\/td>\n<td>D\u00f9ng trong l\u1edbp ph\u1ee7 tr\u1ee3 dung \u0111\u1ec3 \u1ed5n \u0111\u1ecbnh h\u1ed3 quang v\u00e0 c\u00e1ch \u0111i\u1ec7n.<\/td>\n<\/tr>\n<tr>\n<td><strong>Cao su &amp; Elastomer<\/strong><\/td>\n<td>C\u1ea3i thi\u1ec7n \u0111\u1ed9 b\u1ec1n x\u00e9, ch\u1ed1ng d\u00ednh v\u00e0 \u1ed5n \u0111\u1ecbnh k\u00edch th\u01b0\u1edbc.<\/td>\n<\/tr>\n<tr>\n<td><strong>M\u1ef9 ph\u1ea9m<\/strong><\/td>\n<td>T\u1ea1o \u0111\u1ed9 b\u00f3ng v\u00e0 \u0111\u1ed9 m\u01b0\u1ee3t cho c\u00e1c s\u1ea3n ph\u1ea9m trang \u0111i\u1ec3m nh\u01b0 kem n\u1ec1n, ph\u1ea5n m\u1eaft v\u00e0 s\u01a1n m\u00f3ng.<\/td>\n<\/tr>\n<tr>\n<td><strong>X\u00e2y d\u1ef1ng<\/strong><\/td>\n<td>D\u00f9ng trong b\u1ed9t tr\u00e9t, ch\u1ea5t tr\u00e1m v\u00e0 l\u1edbp ph\u1ee7 xi m\u0103ng \u0111\u1ec3 ch\u1ed1ng n\u1ee9t v\u00e0 d\u1ec5 thi c\u00f4ng.<\/td>\n<\/tr>\n<tr>\n<td><strong>Khu\u00f4n \u0111\u00fac &amp; \u0110\u00fac kim lo\u1ea1i<\/strong><\/td>\n<td>Ho\u1ea1t \u0111\u1ed9ng nh\u01b0 ch\u1ea5t t\u00e1ch khu\u00f4n v\u00e0 c\u00e1ch nhi\u1ec7t.<\/td>\n<\/tr>\n<tr>\n<td><strong>Gi\u1ea5y<\/strong><\/td>\n<td>T\u0103ng \u0111\u1ed9 d\u00e0y v\u00e0 \u0111\u1ed9 m\u1ecbn; c\u1ea3i thi\u1ec7n kh\u1ea3 n\u0103ng gi\u1eef m\u1ef1c.<\/td>\n<\/tr>\n<tr>\n<td><strong>Khoan d\u1ea7u<\/strong><\/td>\n<td>D\u00f9ng l\u00e0m v\u1eadt li\u1ec7u ch\u1ed1ng m\u1ea5t tu\u1ea7n ho\u00e0n (LCM) trong dung d\u1ecbch khoan.<\/td>\n<\/tr>\n<\/tbody>\n<\/table>\n<p class=\"p1\"><strong>L\u1ee3i \u00edch ch\u1ee9c n\u0103ng<\/strong><\/p>\n<ul>\n<li class=\"p1\"><strong>C\u1ea3i thi\u1ec7n quy tr\u00ecnh s\u1ea3n xu\u1ea5t:<\/strong> Gi\u1ea3m ma s\u00e1t trong khu\u00f4n \u00e9p nh\u1ef1a v\u00e0 cao su.<\/li>\n<li class=\"p1\"><strong>T\u0103ng \u0111\u1ed9 b\u1ec1n:<\/strong> \u1ed4n \u0111\u1ecbnh v\u1ec1 m\u1eb7t h\u00f3a h\u1ecdc v\u00e0 nhi\u1ec7t trong \u0111i\u1ec1u ki\u1ec7n kh\u1eafc nghi\u1ec7t.<\/li>\n<li class=\"p1\"><strong>Hi\u1ec7u \u1ee9ng b\u1ec1 m\u1eb7t:<\/strong> T\u1ea1o l\u1edbp ho\u00e0n thi\u1ec7n b\u00f3ng, \u00e1nh ng\u1ecdc trai ho\u1eb7c \u00e1nh kim.<\/li>\n<li class=\"p1\"><strong>Ch\u1ee9c n\u0103ng ch\u1ed1ng th\u1ea5m:<\/strong> T\u0103ng kh\u1ea3 n\u0103ng ch\u1ed1ng \u1ea9m, h\u00f3a ch\u1ea5t v\u00e0 kh\u00ed.<\/li>\n<li class=\"p1\"><strong>Ch\u1ed1ng \u0103n m\u00f2n:<\/strong> \u0110\u1eb7c bi\u1ec7t trong c\u00e1c lo\u1ea1i s\u01a1n v\u00e0 l\u1edbp ph\u1ee7 b\u1ea3o v\u1ec7 kim lo\u1ea1i.<\/li>\n<li class=\"p1\"><strong>C\u00e1ch \u0111i\u1ec7n:<\/strong> C\u00f3 gi\u00e1 tr\u1ecb trong thi\u1ebft b\u1ecb \u0111i\u1ec7n t\u1eed v\u00e0 v\u1eadt li\u1ec7u c\u00e1ch \u0111i\u1ec7n.<\/li>\n<\/ul>\n<div class=\"row\"><\/div>\n<p>\n<\/div><\/div><\/div><\/div><\/div><\/div><\/div><!-- cell_inner --><\/div><!-- cell --><\/div><!-- port --><\/section><\/p>\n","protected":false},"excerpt":{"rendered":"<p>Interactively procrastinate high-payoff content without backward-compatible data. Quickly cultivate optimal processes and tactical architectures. Completely iterate covalent strategic theme areas via accurate e-markets.<\/p>\n","protected":false},"author":3,"featured_media":1760,"parent":0,"menu_order":0,"comment_status":"closed","ping_status":"closed","template":"","meta":{"footnotes":""},"class_list":["post-2820","page","type-page","status-publish","has-post-thumbnail","hentry"],"yoast_head":"<!-- This site is optimized with the Yoast SEO plugin v26.9 - https:\/\/yoast.com\/product\/yoast-seo-wordpress\/ -->\n<title>B\u1ed9t mica - Sericite Supplier Malaysia | Kaolin China Clay | Mica Powder<\/title>\n<meta name=\"robots\" content=\"index, follow, max-snippet:-1, max-image-preview:large, max-video-preview:-1\" \/>\n<link rel=\"canonical\" href=\"https:\/\/kaolin.com.my\/vi\/bot-mica\/\" \/>\n<meta property=\"og:locale\" content=\"vi_VN\" \/>\n<meta property=\"og:type\" content=\"article\" \/>\n<meta property=\"og:title\" content=\"B\u1ed9t mica - Sericite Supplier Malaysia | Kaolin China Clay | Mica Powder\" \/>\n<meta property=\"og:description\" content=\"Interactively procrastinate high-payoff content without backward-compatible data. Quickly cultivate optimal processes and tactical architectures. Completely iterate covalent strategic theme areas via accurate e-markets.\" \/>\n<meta property=\"og:url\" content=\"https:\/\/kaolin.com.my\/vi\/bot-mica\/\" \/>\n<meta property=\"og:site_name\" content=\"Sericite Supplier Malaysia | Kaolin China Clay | Mica Powder\" \/>\n<meta property=\"article:modified_time\" content=\"2025-06-23T05:44:52+00:00\" \/>\n<meta property=\"og:image\" content=\"https:\/\/kaolin.com.my\/wp-content\/uploads\/2021\/05\/Kaolin_malaysia_Main_image.jpeg\" \/>\n\t<meta property=\"og:image:width\" content=\"1024\" \/>\n\t<meta property=\"og:image:height\" content=\"768\" \/>\n\t<meta property=\"og:image:type\" content=\"image\/jpeg\" \/>\n<meta name=\"twitter:card\" content=\"summary_large_image\" \/>\n<meta name=\"twitter:label1\" content=\"Est. reading time\" \/>\n\t<meta name=\"twitter:data1\" content=\"5 minutes\" \/>\n<script type=\"application\/ld+json\" class=\"yoast-schema-graph\">{\"@context\":\"https:\/\/schema.org\",\"@graph\":[{\"@type\":\"WebPage\",\"@id\":\"https:\/\/kaolin.com.my\/vi\/bot-mica\/\",\"url\":\"https:\/\/kaolin.com.my\/vi\/bot-mica\/\",\"name\":\"B\u1ed9t mica - Sericite Supplier Malaysia | Kaolin China Clay | Mica Powder\",\"isPartOf\":{\"@id\":\"https:\/\/kaolin.com.my\/#website\"},\"primaryImageOfPage\":{\"@id\":\"https:\/\/kaolin.com.my\/vi\/bot-mica\/#primaryimage\"},\"image\":{\"@id\":\"https:\/\/kaolin.com.my\/vi\/bot-mica\/#primaryimage\"},\"thumbnailUrl\":\"https:\/\/kaolin.com.my\/wp-content\/uploads\/2021\/05\/Kaolin_malaysia_Main_image.jpeg\",\"datePublished\":\"2025-05-23T01:24:03+00:00\",\"dateModified\":\"2025-06-23T05:44:52+00:00\",\"breadcrumb\":{\"@id\":\"https:\/\/kaolin.com.my\/vi\/bot-mica\/#breadcrumb\"},\"inLanguage\":\"vi-VN\",\"potentialAction\":[{\"@type\":\"ReadAction\",\"target\":[\"https:\/\/kaolin.com.my\/vi\/bot-mica\/\"]}]},{\"@type\":\"ImageObject\",\"inLanguage\":\"vi-VN\",\"@id\":\"https:\/\/kaolin.com.my\/vi\/bot-mica\/#primaryimage\",\"url\":\"https:\/\/kaolin.com.my\/wp-content\/uploads\/2021\/05\/Kaolin_malaysia_Main_image.jpeg\",\"contentUrl\":\"https:\/\/kaolin.com.my\/wp-content\/uploads\/2021\/05\/Kaolin_malaysia_Main_image.jpeg\",\"width\":1024,\"height\":768},{\"@type\":\"BreadcrumbList\",\"@id\":\"https:\/\/kaolin.com.my\/vi\/bot-mica\/#breadcrumb\",\"itemListElement\":[{\"@type\":\"ListItem\",\"position\":1,\"name\":\"Home\",\"item\":\"https:\/\/kaolin.com.my\/vi\/\"},{\"@type\":\"ListItem\",\"position\":2,\"name\":\"B\u1ed9t mica\"}]},{\"@type\":\"WebSite\",\"@id\":\"https:\/\/kaolin.com.my\/#website\",\"url\":\"https:\/\/kaolin.com.my\/\",\"name\":\"Sericite Supplier Malaysia | Kaolin China Clay | Mica Powder\",\"description\":\"\",\"publisher\":{\"@id\":\"https:\/\/kaolin.com.my\/#organization\"},\"potentialAction\":[{\"@type\":\"SearchAction\",\"target\":{\"@type\":\"EntryPoint\",\"urlTemplate\":\"https:\/\/kaolin.com.my\/?s={search_term_string}\"},\"query-input\":{\"@type\":\"PropertyValueSpecification\",\"valueRequired\":true,\"valueName\":\"search_term_string\"}}],\"inLanguage\":\"vi-VN\"},{\"@type\":\"Organization\",\"@id\":\"https:\/\/kaolin.com.my\/#organization\",\"name\":\"KAOLIN (MALAYSIA) SDN BHD\",\"url\":\"https:\/\/kaolin.com.my\/\",\"logo\":{\"@type\":\"ImageObject\",\"inLanguage\":\"vi-VN\",\"@id\":\"https:\/\/kaolin.com.my\/#\/schema\/logo\/image\/\",\"url\":\"https:\/\/slategrey-hawk-503702.hostingersite.com\/wp-content\/uploads\/2021\/09\/kaolin_logo-2.png\",\"contentUrl\":\"https:\/\/slategrey-hawk-503702.hostingersite.com\/wp-content\/uploads\/2021\/09\/kaolin_logo-2.png\",\"width\":474,\"height\":301,\"caption\":\"KAOLIN (MALAYSIA) SDN BHD\"},\"image\":{\"@id\":\"https:\/\/kaolin.com.my\/#\/schema\/logo\/image\/\"}}]}<\/script>\n<!-- \/ Yoast SEO plugin. -->","yoast_head_json":{"title":"B\u1ed9t mica - Sericite Supplier Malaysia | Kaolin China Clay | Mica Powder","robots":{"index":"index","follow":"follow","max-snippet":"max-snippet:-1","max-image-preview":"max-image-preview:large","max-video-preview":"max-video-preview:-1"},"canonical":"https:\/\/kaolin.com.my\/vi\/bot-mica\/","og_locale":"vi_VN","og_type":"article","og_title":"B\u1ed9t mica - Sericite Supplier Malaysia | Kaolin China Clay | Mica Powder","og_description":"Interactively procrastinate high-payoff content without backward-compatible data. Quickly cultivate optimal processes and tactical architectures. Completely iterate covalent strategic theme areas via accurate e-markets.","og_url":"https:\/\/kaolin.com.my\/vi\/bot-mica\/","og_site_name":"Sericite Supplier Malaysia | Kaolin China Clay | Mica Powder","article_modified_time":"2025-06-23T05:44:52+00:00","og_image":[{"width":1024,"height":768,"url":"https:\/\/kaolin.com.my\/wp-content\/uploads\/2021\/05\/Kaolin_malaysia_Main_image.jpeg","type":"image\/jpeg"}],"twitter_card":"summary_large_image","twitter_misc":{"Est. reading time":"5 minutes"},"schema":{"@context":"https:\/\/schema.org","@graph":[{"@type":"WebPage","@id":"https:\/\/kaolin.com.my\/vi\/bot-mica\/","url":"https:\/\/kaolin.com.my\/vi\/bot-mica\/","name":"B\u1ed9t mica - Sericite Supplier Malaysia | Kaolin China Clay | Mica Powder","isPartOf":{"@id":"https:\/\/kaolin.com.my\/#website"},"primaryImageOfPage":{"@id":"https:\/\/kaolin.com.my\/vi\/bot-mica\/#primaryimage"},"image":{"@id":"https:\/\/kaolin.com.my\/vi\/bot-mica\/#primaryimage"},"thumbnailUrl":"https:\/\/kaolin.com.my\/wp-content\/uploads\/2021\/05\/Kaolin_malaysia_Main_image.jpeg","datePublished":"2025-05-23T01:24:03+00:00","dateModified":"2025-06-23T05:44:52+00:00","breadcrumb":{"@id":"https:\/\/kaolin.com.my\/vi\/bot-mica\/#breadcrumb"},"inLanguage":"vi-VN","potentialAction":[{"@type":"ReadAction","target":["https:\/\/kaolin.com.my\/vi\/bot-mica\/"]}]},{"@type":"ImageObject","inLanguage":"vi-VN","@id":"https:\/\/kaolin.com.my\/vi\/bot-mica\/#primaryimage","url":"https:\/\/kaolin.com.my\/wp-content\/uploads\/2021\/05\/Kaolin_malaysia_Main_image.jpeg","contentUrl":"https:\/\/kaolin.com.my\/wp-content\/uploads\/2021\/05\/Kaolin_malaysia_Main_image.jpeg","width":1024,"height":768},{"@type":"BreadcrumbList","@id":"https:\/\/kaolin.com.my\/vi\/bot-mica\/#breadcrumb","itemListElement":[{"@type":"ListItem","position":1,"name":"Home","item":"https:\/\/kaolin.com.my\/vi\/"},{"@type":"ListItem","position":2,"name":"B\u1ed9t mica"}]},{"@type":"WebSite","@id":"https:\/\/kaolin.com.my\/#website","url":"https:\/\/kaolin.com.my\/","name":"Sericite Supplier Malaysia | Kaolin China Clay | Mica Powder","description":"","publisher":{"@id":"https:\/\/kaolin.com.my\/#organization"},"potentialAction":[{"@type":"SearchAction","target":{"@type":"EntryPoint","urlTemplate":"https:\/\/kaolin.com.my\/?s={search_term_string}"},"query-input":{"@type":"PropertyValueSpecification","valueRequired":true,"valueName":"search_term_string"}}],"inLanguage":"vi-VN"},{"@type":"Organization","@id":"https:\/\/kaolin.com.my\/#organization","name":"KAOLIN (MALAYSIA) SDN BHD","url":"https:\/\/kaolin.com.my\/","logo":{"@type":"ImageObject","inLanguage":"vi-VN","@id":"https:\/\/kaolin.com.my\/#\/schema\/logo\/image\/","url":"https:\/\/slategrey-hawk-503702.hostingersite.com\/wp-content\/uploads\/2021\/09\/kaolin_logo-2.png","contentUrl":"https:\/\/slategrey-hawk-503702.hostingersite.com\/wp-content\/uploads\/2021\/09\/kaolin_logo-2.png","width":474,"height":301,"caption":"KAOLIN (MALAYSIA) SDN BHD"},"image":{"@id":"https:\/\/kaolin.com.my\/#\/schema\/logo\/image\/"}}]}},"_links":{"self":[{"href":"https:\/\/kaolin.com.my\/vi\/wp-json\/wp\/v2\/pages\/2820","targetHints":{"allow":["GET"]}}],"collection":[{"href":"https:\/\/kaolin.com.my\/vi\/wp-json\/wp\/v2\/pages"}],"about":[{"href":"https:\/\/kaolin.com.my\/vi\/wp-json\/wp\/v2\/types\/page"}],"author":[{"embeddable":true,"href":"https:\/\/kaolin.com.my\/vi\/wp-json\/wp\/v2\/users\/3"}],"replies":[{"embeddable":true,"href":"https:\/\/kaolin.com.my\/vi\/wp-json\/wp\/v2\/comments?post=2820"}],"version-history":[{"count":2,"href":"https:\/\/kaolin.com.my\/vi\/wp-json\/wp\/v2\/pages\/2820\/revisions"}],"predecessor-version":[{"id":2821,"href":"https:\/\/kaolin.com.my\/vi\/wp-json\/wp\/v2\/pages\/2820\/revisions\/2821"}],"wp:featuredmedia":[{"embeddable":true,"href":"https:\/\/kaolin.com.my\/vi\/wp-json\/wp\/v2\/media\/1760"}],"wp:attachment":[{"href":"https:\/\/kaolin.com.my\/vi\/wp-json\/wp\/v2\/media?parent=2820"}],"curies":[{"name":"wp","href":"https:\/\/api.w.org\/{rel}","templated":true}]}}