{"id":2835,"date":"2025-05-23T01:44:12","date_gmt":"2025-05-23T01:44:12","guid":{"rendered":"https:\/\/kaolin.com.my\/kaolin-calcium-carbonate\/"},"modified":"2025-06-24T02:11:59","modified_gmt":"2025-06-24T02:11:59","slug":"kaolin-calcium-carbonate","status":"publish","type":"page","link":"https:\/\/kaolin.com.my\/vi\/kaolin-calcium-carbonate\/","title":{"rendered":"Canxi cacbonat"},"content":{"rendered":"<p><section id=\"bt_bb_section69ea4b2d9fb68\" class=\"bt_bb_section bt_bb_color_scheme_11 bt_bb_layout_boxed_1200 bt_bb_vertical_align_top bt_bb_background_overlay_alternate_solid bt_bb_top_spacing_extra_large bt_bb_bottom_spacing_large bt-dark-skin\" style=\"; --section-primary-color:#ffffff; --section-secondary-color:#2580e8;\" data-bt-override-class=\"null\"><div class=\"bt_bb_background_image_holder_wrapper\"><div class=\"bt_bb_background_image_holder btLazyLoadBackground\"  data-background_image_src=\"https:\/\/kaolin.com.my\/wp-content\/uploads\/2021\/05\/Kaolin_malaysia_Main_image.jpg\" data-parallax-zoom-start=\"1\" data-parallax-zoom-end=\"1\" data-parallax-blur-start=\"0\" data-parallax-blur-end=\"0\" data-parallax-opacity-start=\"1\" data-parallax-opacity-end=\"1\" style=\" background-image: url(&#039;https:\/\/kaolin.com.my\/wp-content\/plugins\/bold-page-builder\/img\/blank.gif&#039;);\"><\/div><\/div><div class=\"bt_bb_port\"><div class=\"bt_bb_cell\"><div class=\"bt_bb_cell_inner\"><div class=\"bt_bb_row \"  data-bt-override-class=\"{}\"><div class=\"bt_bb_row_holder\" ><div  class=\"bt_bb_column col-xxl-6 col-xl-6 bt_bb_vertical_align_top bt_bb_align_left bt_bb_padding_normal bt_bb_animation_fade_in zoom_out animate\" style=\"; --column-width:6;\" data-width=\"6\" data-bt-override-class=\"{}\"><div class=\"bt_bb_column_content\"><div class=\"bt_bb_column_content_inner\"><header data-bb-version=\"5.2.8\" class=\"bt_bb_headline bt_bb_font_weight_lighter bt_bb_color_scheme_1 bt_bb_dash_top bt_bb_superheadline bt_bb_size_inherit bt_bb_align_inherit\" style=\"; --headline-primary-color:#ffffff; --headline-secondary-color:#000000;\" data-bt-override-class=\"{&quot;bt_bb_size_&quot;:{&quot;current_class&quot;:&quot;bt_bb_size_inherit&quot;,&quot;def&quot;:&quot;inherit&quot;},&quot;bt_bb_align_&quot;:{&quot;current_class&quot;:&quot;bt_bb_align_inherit&quot;,&quot;def&quot;:&quot;inherit&quot;}}\"><div class=\"bt_bb_headline_superheadline_outside\"><span class=\"bt_bb_headline_superheadline\"><span>Kh\u00f4ng c\u1ea7n t\u00ecm \u0111\u00e2u xa<\/span><\/span><\/div><h1><span class=\"bt_bb_headline_content\"><span>Mang \u0111\u1ebfn gi\u1ea3i ph\u00e1p v\u01b0\u1ee3t ngo\u00e0i mong \u0111\u1ee3i<\/span><\/span><\/h1><\/header><div class=\"bt_bb_separator bt_bb_border_style_none bt_bb_bottom_spacing_60\" data-bt-override-class=\"null\"><\/div><\/div><\/div><\/div><div  class=\"bt_bb_column col-xxl-6 col-xl-6 bt_bb_vertical_align_top bt_bb_align_center bt_bb_padding_normal\" style=\"; --column-width:6;\" data-width=\"6\" data-bt-override-class=\"{}\"><div class=\"bt_bb_column_content\"><div class=\"bt_bb_column_content_inner\"><\/div><\/div><\/div><\/div><\/div><\/div><!-- cell_inner --><\/div><!-- cell --><\/div><!-- port --><\/section><section id=\"bt_bb_section69ea4b2da0141\" class=\"bt_bb_section bt_bb_layout_boxed_1200 bt_bb_vertical_align_top bt_bb_top_spacing_normal bt_bb_bottom_spacing_normal\"  data-bt-override-class=\"null\"><div class=\"bt_bb_port\"><div class=\"bt_bb_cell\"><div class=\"bt_bb_cell_inner\"><div class=\"bt_bb_row \"  data-bt-override-class=\"{}\"><div class=\"bt_bb_row_holder\" ><div  class=\"bt_bb_column col-xxl-12 col-xl-12 col-xs-12 col-sm-12 col-md-12 col-lg-12 bt_bb_vertical_align_top bt_bb_align_left bt_bb_padding_normal\" style=\"; --column-width:12;\" data-width=\"12\" data-bt-override-class=\"{}\"><div class=\"bt_bb_column_content\"><div class=\"bt_bb_column_content_inner\"><header data-bb-version=\"5.2.8\" class=\"bt_bb_headline bt_bb_dash_none bt_bb_superheadline bt_bb_size_inherit bt_bb_align_inherit\" data-bt-override-class=\"{&quot;bt_bb_size_&quot;:{&quot;current_class&quot;:&quot;bt_bb_size_inherit&quot;,&quot;def&quot;:&quot;inherit&quot;},&quot;bt_bb_align_&quot;:{&quot;current_class&quot;:&quot;bt_bb_align_inherit&quot;,&quot;def&quot;:&quot;inherit&quot;}}\"><h1><span class=\"bt_bb_headline_superheadline\"><span>S\u1ea3n ph\u1ea9m c\u1ee7a ch\u00fang t\u00f4i<\/span><\/span><span class=\"bt_bb_headline_content\"><span>Canxi cacbonat<br \/><br \/>\n<\/span><\/span><\/h1><\/header><div class=\"bt_bb_separator bt_bb_border_style_none bt_bb_bottom_spacing_normal\" data-bt-override-class=\"null\"><\/div><div  class=\"bt_bb_text\" ><\/p>\n<p class=\"p1\">Th\u01b0\u1eddng \u0111\u01b0\u1ee3c g\u1ecdi l\u00e0 \u0111\u00e1 v\u00f4i, canxi cacbonat \u0111\u01b0\u1ee3c s\u1eed d\u1ee5ng r\u1ed9ng r\u00e3i nh\u01b0 m\u1ed9t ch\u1ea5t \u0111\u1ed9n ti\u1ebft ki\u1ec7m chi ph\u00ed trong nhi\u1ec1u ng\u00e0nh c\u00f4ng nghi\u1ec7p. V\u1ec1 m\u1eb7t h\u00f3a h\u1ecdc, n\u00f3 \u0111\u01b0\u1ee3c c\u1ea5u t\u1ea1o t\u1eeb CaCO\u2083 (canxi cacbonat).<\/p>\n<p class=\"p1\"><strong>C\u1ea5u tr\u00fac &amp; Th\u00e0nh ph\u1ea7n H\u00f3a h\u1ecdc<\/strong><\/p>\n<ul>\n<li class=\"p1\">C\u00f4ng th\u1ee9c h\u00f3a h\u1ecdc: CaCO\u2083<\/li>\n<li class=\"p1\">T\u1ed3n t\u1ea1i t\u1ef1 nhi\u00ean d\u01b0\u1edbi d\u1ea1ng c\u00e1c kho\u00e1ng ch\u1ea5t nh\u01b0:\n<ul>\n<li class=\"p1\">Calcit (ph\u1ed5 bi\u1ebfn nh\u1ea5t)<\/li>\n<li class=\"p1\">Aragonit<\/li>\n<li class=\"p1\">Ph\u1ea5n<\/li>\n<li class=\"p1\">\u0110\u00e1 v\u00f4i v\u00e0 \u0111\u00e1 c\u1ea9m th\u1ea1ch<\/li>\n<\/ul>\n<\/li>\n<\/ul>\n<p class=\"p1\"><strong>\u0110\u1eb7c t\u00ednh ch\u00ednh<\/strong><\/p>\n<ul>\n<li class=\"p1\">D\u1ea1ng b\u1ed9t tr\u1eafng m\u1ecbn<\/li>\n<li class=\"p1\">Kh\u00f4ng tan trong n\u01b0\u1edbc nh\u01b0ng ph\u1ea3n \u1ee9ng v\u1edbi axit<\/li>\n<li class=\"p1\">\u1ed4n \u0111\u1ecbnh \u1edf nhi\u1ec7t \u0111\u1ed9 m\u00f4i tr\u01b0\u1eddng, ph\u00e2n h\u1ee7y th\u00e0nh CaO v\u00e0 CO\u2082 \u1edf kho\u1ea3ng ~825\u00b0C<\/li>\n<li class=\"p1\">\u0110\u1ed9 tr\u1eafng v\u00e0 \u0111\u1ed9 m\u1edd cao<\/li>\n<li class=\"p1\">Kh\u1ea3 n\u0103ng h\u1ea5p th\u1ee5 d\u1ea7u th\u1ea5p<\/li>\n<li class=\"p1\">Kh\u00f4ng \u0111\u1ed9c h\u1ea1i v\u00e0 an to\u00e0n th\u1ef1c ph\u1ea9m (v\u1edbi c\u1ea5p \u0111\u1ed9 nh\u1ea5t \u0111\u1ecbnh)<\/li>\n<li class=\"p1\">\u0110\u1ed9 c\u1ee9ng v\u00e0 \u0111\u1ed9 c\u1ee9ng cao (\u0111\u1eb7c bi\u1ec7t \u1edf d\u1ea1ng tr\u00e1ng ph\u1ee7)<\/li>\n<li class=\"p1\">Tr\u01a1 v\u00e0 \u1ed5n \u0111\u1ecbnh v\u1ec1 m\u1eb7t h\u00f3a h\u1ecdc<\/li>\n<\/ul>\n<p class=\"p1\"><strong>\u1ee8ng d\u1ee5ng trong c\u00f4ng nghi\u1ec7p<\/strong><\/p>\n<table>\n<thead>\n<tr>\n<th>Ng\u00e0nh<\/th>\n<th>\u1ee8ng d\u1ee5ng<\/th>\n<\/tr>\n<\/thead>\n<tbody>\n<tr>\n<td><strong>Nh\u1ef1a &amp; Polyme<\/strong><\/td>\n<td>L\u00e0m ch\u1ea5t \u0111\u1ed9n trong PVC, PE, PP v\u00e0 c\u00e1c lo\u1ea1i nh\u1ef1a kh\u00e1c \u0111\u1ec3 t\u0103ng \u0111\u1ed9 c\u1ee9ng, gi\u1ea3m chi ph\u00ed v\u00e0 c\u1ea3i thi\u1ec7n b\u1ec1 m\u1eb7t s\u1ea3n ph\u1ea9m.<\/td>\n<\/tr>\n<tr>\n<td><strong>Cao su<\/strong><\/td>\n<td>Ch\u1ea5t \u0111\u1ed9n gi\u00fap t\u0103ng \u0111\u1ed9 b\u1ec1n m\u00e0i m\u00f2n v\u00e0 \u0111\u1ed9 \u1ed5n \u0111\u1ecbnh k\u00edch th\u01b0\u1edbc.<\/td>\n<\/tr>\n<tr>\n<td><strong>S\u01a1n &amp; L\u1edbp ph\u1ee7<\/strong><\/td>\n<td>C\u1ea3i thi\u1ec7n \u0111\u1ed9 m\u1edd, \u0111\u1ed9 tr\u1eafng v\u00e0 \u0111\u1ed9 m\u1ecbn; gi\u1ea3m chi ph\u00ed pha ch\u1ebf.<\/td>\n<\/tr>\n<tr>\n<td><strong>Gi\u1ea5y<\/strong><\/td>\n<td>D\u00f9ng l\u00e0m ch\u1ea5t \u0111\u1ed9n v\u00e0 ch\u1ea5t tr\u00e1ng \u0111\u1ec3 t\u0103ng \u0111\u1ed9 s\u00e1ng v\u00e0 \u0111\u1ed9 m\u1edd.<\/td>\n<\/tr>\n<tr>\n<td><strong>Keo d\u00e1n &amp; Ch\u1ea5t tr\u00e1m<\/strong><\/td>\n<td>C\u1ea3i thi\u1ec7n th\u1ec3 t\u00edch, k\u1ebft c\u1ea5u v\u00e0 \u0111\u1ed9 \u0111\u1ed3ng nh\u1ea5t.<\/td>\n<\/tr>\n<tr>\n<td><strong>D\u01b0\u1ee3c ph\u1ea9m &amp; Th\u1ef1c ph\u1ea9m<\/strong><\/td>\n<td>D\u00f9ng trong thu\u1ed1c kh\u00e1ng axit, th\u1ef1c ph\u1ea9m b\u1ed5 sung canxi v\u00e0 ph\u1ee5 gia th\u1ef1c ph\u1ea9m (E170).<\/td>\n<\/tr>\n<tr>\n<td><strong>X\u00e2y d\u1ef1ng<\/strong><\/td>\n<td>Th\u00e0nh ph\u1ea7n trong xi m\u0103ng, th\u1ea1ch cao v\u00e0 v\u1eadt li\u1ec7u x\u00e2y d\u1ef1ng.<\/td>\n<\/tr>\n<tr>\n<td><strong>N\u00f4ng nghi\u1ec7p<\/strong><\/td>\n<td>D\u00f9ng l\u00e0m ch\u1ea5t c\u1ea3i t\u1ea1o \u0111\u1ea5t (ch\u1ea5t v\u00f4i) v\u00e0 ph\u1ee5 gia cho th\u1ee9c \u0103n ch\u0103n nu\u00f4i.<\/td>\n<\/tr>\n<tr>\n<td><strong>M\u1ef9 ph\u1ea9m<\/strong><\/td>\n<td>Ho\u1ea1t \u0111\u1ed9ng nh\u01b0 ch\u1ea5t m\u00e0i m\u00f2n nh\u1eb9 v\u00e0 ch\u1ea5t h\u00fat \u1ea9m trong ph\u1ea5n v\u00e0 kem \u0111\u00e1nh r\u0103ng.<\/td>\n<\/tr>\n<\/tbody>\n<\/table>\n<p class=\"p1\"><strong>L\u1ee3i \u00edch ch\u1ee9c n\u0103ng<\/strong><\/p>\n<ul>\n<li class=\"p1\">Ch\u1ea5t \u0111\u1ed9n ti\u1ebft ki\u1ec7m chi ph\u00ed<\/li>\n<li class=\"p1\">T\u0103ng \u0111\u1ed9 c\u1ee9ng v\u00e0 \u0111\u1ed9 \u1ed5n \u0111\u1ecbnh k\u00edch th\u01b0\u1edbc<\/li>\n<li class=\"p1\">C\u1ea3i thi\u1ec7n qu\u00e1 tr\u00ecnh s\u1ea3n xu\u1ea5t (t\u0103ng kh\u1ea3 n\u0103ng ch\u1ea3y)<\/li>\n<li class=\"p1\">B\u1ec1 m\u1eb7t m\u1ecbn &amp; in \u1ea5n t\u1ed1t h\u01a1n<\/li>\n<li class=\"p1\">T\u0103ng \u0111\u1ed9 m\u1edd v\u00e0 \u0111\u1ed9 s\u00e1ng trong l\u1edbp ph\u1ee7 v\u00e0 gi\u1ea5y<\/li>\n<li class=\"p1\">Trung h\u00f2a axit trong n\u00f4ng nghi\u1ec7p v\u00e0 d\u01b0\u1ee3c ph\u1ea9m<\/li>\n<li class=\"p1\">Gi\u1ea3m co ng\u00f3t trong c\u00e1c s\u1ea3n ph\u1ea9m \u0111\u00fac<\/li>\n<\/ul>\n<div class=\"row\"><\/div>\n<p>\n<\/div><\/div><\/div><\/div><\/div><\/div><\/div><!-- cell_inner --><\/div><!-- cell --><\/div><!-- port --><\/section><\/p>\n","protected":false},"excerpt":{"rendered":"<p>Interactively procrastinate high-payoff content without backward-compatible data. Quickly cultivate optimal processes and tactical architectures. Completely iterate covalent strategic theme areas via accurate e-markets.<\/p>\n","protected":false},"author":3,"featured_media":1760,"parent":0,"menu_order":0,"comment_status":"closed","ping_status":"closed","template":"","meta":{"footnotes":""},"class_list":["post-2835","page","type-page","status-publish","has-post-thumbnail","hentry"],"yoast_head":"<!-- This site is optimized with the Yoast SEO plugin v26.9 - https:\/\/yoast.com\/product\/yoast-seo-wordpress\/ -->\n<title>Canxi cacbonat - Sericite Supplier Malaysia | Kaolin China Clay | Mica Powder<\/title>\n<meta name=\"robots\" content=\"index, follow, max-snippet:-1, max-image-preview:large, max-video-preview:-1\" \/>\n<link rel=\"canonical\" href=\"https:\/\/kaolin.com.my\/vi\/kaolin-calcium-carbonate\/\" \/>\n<meta property=\"og:locale\" content=\"vi_VN\" \/>\n<meta property=\"og:type\" content=\"article\" \/>\n<meta property=\"og:title\" content=\"Canxi cacbonat - Sericite Supplier Malaysia | Kaolin China Clay | Mica Powder\" \/>\n<meta property=\"og:description\" content=\"Interactively procrastinate high-payoff content without backward-compatible data. Quickly cultivate optimal processes and tactical architectures. Completely iterate covalent strategic theme areas via accurate e-markets.\" \/>\n<meta property=\"og:url\" content=\"https:\/\/kaolin.com.my\/vi\/kaolin-calcium-carbonate\/\" \/>\n<meta property=\"og:site_name\" content=\"Sericite Supplier Malaysia | Kaolin China Clay | Mica Powder\" \/>\n<meta property=\"article:modified_time\" content=\"2025-06-24T02:11:59+00:00\" \/>\n<meta property=\"og:image\" content=\"https:\/\/kaolin.com.my\/wp-content\/uploads\/2021\/05\/Kaolin_malaysia_Main_image.jpeg\" \/>\n\t<meta property=\"og:image:width\" content=\"1024\" \/>\n\t<meta property=\"og:image:height\" content=\"768\" \/>\n\t<meta property=\"og:image:type\" content=\"image\/jpeg\" \/>\n<meta name=\"twitter:card\" content=\"summary_large_image\" \/>\n<meta name=\"twitter:label1\" content=\"Est. reading time\" \/>\n\t<meta name=\"twitter:data1\" content=\"4 minutes\" \/>\n<script type=\"application\/ld+json\" class=\"yoast-schema-graph\">{\"@context\":\"https:\/\/schema.org\",\"@graph\":[{\"@type\":\"WebPage\",\"@id\":\"https:\/\/kaolin.com.my\/vi\/kaolin-calcium-carbonate\/\",\"url\":\"https:\/\/kaolin.com.my\/vi\/kaolin-calcium-carbonate\/\",\"name\":\"Canxi cacbonat - Sericite Supplier Malaysia | Kaolin China Clay | Mica Powder\",\"isPartOf\":{\"@id\":\"https:\/\/kaolin.com.my\/#website\"},\"primaryImageOfPage\":{\"@id\":\"https:\/\/kaolin.com.my\/vi\/kaolin-calcium-carbonate\/#primaryimage\"},\"image\":{\"@id\":\"https:\/\/kaolin.com.my\/vi\/kaolin-calcium-carbonate\/#primaryimage\"},\"thumbnailUrl\":\"https:\/\/kaolin.com.my\/wp-content\/uploads\/2021\/05\/Kaolin_malaysia_Main_image.jpeg\",\"datePublished\":\"2025-05-23T01:44:12+00:00\",\"dateModified\":\"2025-06-24T02:11:59+00:00\",\"breadcrumb\":{\"@id\":\"https:\/\/kaolin.com.my\/vi\/kaolin-calcium-carbonate\/#breadcrumb\"},\"inLanguage\":\"vi-VN\",\"potentialAction\":[{\"@type\":\"ReadAction\",\"target\":[\"https:\/\/kaolin.com.my\/vi\/kaolin-calcium-carbonate\/\"]}]},{\"@type\":\"ImageObject\",\"inLanguage\":\"vi-VN\",\"@id\":\"https:\/\/kaolin.com.my\/vi\/kaolin-calcium-carbonate\/#primaryimage\",\"url\":\"https:\/\/kaolin.com.my\/wp-content\/uploads\/2021\/05\/Kaolin_malaysia_Main_image.jpeg\",\"contentUrl\":\"https:\/\/kaolin.com.my\/wp-content\/uploads\/2021\/05\/Kaolin_malaysia_Main_image.jpeg\",\"width\":1024,\"height\":768},{\"@type\":\"BreadcrumbList\",\"@id\":\"https:\/\/kaolin.com.my\/vi\/kaolin-calcium-carbonate\/#breadcrumb\",\"itemListElement\":[{\"@type\":\"ListItem\",\"position\":1,\"name\":\"Home\",\"item\":\"https:\/\/kaolin.com.my\/vi\/\"},{\"@type\":\"ListItem\",\"position\":2,\"name\":\"Canxi cacbonat\"}]},{\"@type\":\"WebSite\",\"@id\":\"https:\/\/kaolin.com.my\/#website\",\"url\":\"https:\/\/kaolin.com.my\/\",\"name\":\"Sericite Supplier Malaysia | Kaolin China Clay | Mica Powder\",\"description\":\"\",\"publisher\":{\"@id\":\"https:\/\/kaolin.com.my\/#organization\"},\"potentialAction\":[{\"@type\":\"SearchAction\",\"target\":{\"@type\":\"EntryPoint\",\"urlTemplate\":\"https:\/\/kaolin.com.my\/?s={search_term_string}\"},\"query-input\":{\"@type\":\"PropertyValueSpecification\",\"valueRequired\":true,\"valueName\":\"search_term_string\"}}],\"inLanguage\":\"vi-VN\"},{\"@type\":\"Organization\",\"@id\":\"https:\/\/kaolin.com.my\/#organization\",\"name\":\"KAOLIN (MALAYSIA) SDN BHD\",\"url\":\"https:\/\/kaolin.com.my\/\",\"logo\":{\"@type\":\"ImageObject\",\"inLanguage\":\"vi-VN\",\"@id\":\"https:\/\/kaolin.com.my\/#\/schema\/logo\/image\/\",\"url\":\"https:\/\/slategrey-hawk-503702.hostingersite.com\/wp-content\/uploads\/2021\/09\/kaolin_logo-2.png\",\"contentUrl\":\"https:\/\/slategrey-hawk-503702.hostingersite.com\/wp-content\/uploads\/2021\/09\/kaolin_logo-2.png\",\"width\":474,\"height\":301,\"caption\":\"KAOLIN (MALAYSIA) SDN BHD\"},\"image\":{\"@id\":\"https:\/\/kaolin.com.my\/#\/schema\/logo\/image\/\"}}]}<\/script>\n<!-- \/ Yoast SEO plugin. -->","yoast_head_json":{"title":"Canxi cacbonat - Sericite Supplier Malaysia | Kaolin China Clay | Mica Powder","robots":{"index":"index","follow":"follow","max-snippet":"max-snippet:-1","max-image-preview":"max-image-preview:large","max-video-preview":"max-video-preview:-1"},"canonical":"https:\/\/kaolin.com.my\/vi\/kaolin-calcium-carbonate\/","og_locale":"vi_VN","og_type":"article","og_title":"Canxi cacbonat - Sericite Supplier Malaysia | Kaolin China Clay | Mica Powder","og_description":"Interactively procrastinate high-payoff content without backward-compatible data. Quickly cultivate optimal processes and tactical architectures. Completely iterate covalent strategic theme areas via accurate e-markets.","og_url":"https:\/\/kaolin.com.my\/vi\/kaolin-calcium-carbonate\/","og_site_name":"Sericite Supplier Malaysia | Kaolin China Clay | Mica Powder","article_modified_time":"2025-06-24T02:11:59+00:00","og_image":[{"width":1024,"height":768,"url":"https:\/\/kaolin.com.my\/wp-content\/uploads\/2021\/05\/Kaolin_malaysia_Main_image.jpeg","type":"image\/jpeg"}],"twitter_card":"summary_large_image","twitter_misc":{"Est. reading time":"4 minutes"},"schema":{"@context":"https:\/\/schema.org","@graph":[{"@type":"WebPage","@id":"https:\/\/kaolin.com.my\/vi\/kaolin-calcium-carbonate\/","url":"https:\/\/kaolin.com.my\/vi\/kaolin-calcium-carbonate\/","name":"Canxi cacbonat - Sericite Supplier Malaysia | Kaolin China Clay | Mica Powder","isPartOf":{"@id":"https:\/\/kaolin.com.my\/#website"},"primaryImageOfPage":{"@id":"https:\/\/kaolin.com.my\/vi\/kaolin-calcium-carbonate\/#primaryimage"},"image":{"@id":"https:\/\/kaolin.com.my\/vi\/kaolin-calcium-carbonate\/#primaryimage"},"thumbnailUrl":"https:\/\/kaolin.com.my\/wp-content\/uploads\/2021\/05\/Kaolin_malaysia_Main_image.jpeg","datePublished":"2025-05-23T01:44:12+00:00","dateModified":"2025-06-24T02:11:59+00:00","breadcrumb":{"@id":"https:\/\/kaolin.com.my\/vi\/kaolin-calcium-carbonate\/#breadcrumb"},"inLanguage":"vi-VN","potentialAction":[{"@type":"ReadAction","target":["https:\/\/kaolin.com.my\/vi\/kaolin-calcium-carbonate\/"]}]},{"@type":"ImageObject","inLanguage":"vi-VN","@id":"https:\/\/kaolin.com.my\/vi\/kaolin-calcium-carbonate\/#primaryimage","url":"https:\/\/kaolin.com.my\/wp-content\/uploads\/2021\/05\/Kaolin_malaysia_Main_image.jpeg","contentUrl":"https:\/\/kaolin.com.my\/wp-content\/uploads\/2021\/05\/Kaolin_malaysia_Main_image.jpeg","width":1024,"height":768},{"@type":"BreadcrumbList","@id":"https:\/\/kaolin.com.my\/vi\/kaolin-calcium-carbonate\/#breadcrumb","itemListElement":[{"@type":"ListItem","position":1,"name":"Home","item":"https:\/\/kaolin.com.my\/vi\/"},{"@type":"ListItem","position":2,"name":"Canxi cacbonat"}]},{"@type":"WebSite","@id":"https:\/\/kaolin.com.my\/#website","url":"https:\/\/kaolin.com.my\/","name":"Sericite Supplier Malaysia | Kaolin China Clay | Mica Powder","description":"","publisher":{"@id":"https:\/\/kaolin.com.my\/#organization"},"potentialAction":[{"@type":"SearchAction","target":{"@type":"EntryPoint","urlTemplate":"https:\/\/kaolin.com.my\/?s={search_term_string}"},"query-input":{"@type":"PropertyValueSpecification","valueRequired":true,"valueName":"search_term_string"}}],"inLanguage":"vi-VN"},{"@type":"Organization","@id":"https:\/\/kaolin.com.my\/#organization","name":"KAOLIN (MALAYSIA) SDN BHD","url":"https:\/\/kaolin.com.my\/","logo":{"@type":"ImageObject","inLanguage":"vi-VN","@id":"https:\/\/kaolin.com.my\/#\/schema\/logo\/image\/","url":"https:\/\/slategrey-hawk-503702.hostingersite.com\/wp-content\/uploads\/2021\/09\/kaolin_logo-2.png","contentUrl":"https:\/\/slategrey-hawk-503702.hostingersite.com\/wp-content\/uploads\/2021\/09\/kaolin_logo-2.png","width":474,"height":301,"caption":"KAOLIN (MALAYSIA) SDN BHD"},"image":{"@id":"https:\/\/kaolin.com.my\/#\/schema\/logo\/image\/"}}]}},"_links":{"self":[{"href":"https:\/\/kaolin.com.my\/vi\/wp-json\/wp\/v2\/pages\/2835","targetHints":{"allow":["GET"]}}],"collection":[{"href":"https:\/\/kaolin.com.my\/vi\/wp-json\/wp\/v2\/pages"}],"about":[{"href":"https:\/\/kaolin.com.my\/vi\/wp-json\/wp\/v2\/types\/page"}],"author":[{"embeddable":true,"href":"https:\/\/kaolin.com.my\/vi\/wp-json\/wp\/v2\/users\/3"}],"replies":[{"embeddable":true,"href":"https:\/\/kaolin.com.my\/vi\/wp-json\/wp\/v2\/comments?post=2835"}],"version-history":[{"count":2,"href":"https:\/\/kaolin.com.my\/vi\/wp-json\/wp\/v2\/pages\/2835\/revisions"}],"predecessor-version":[{"id":2838,"href":"https:\/\/kaolin.com.my\/vi\/wp-json\/wp\/v2\/pages\/2835\/revisions\/2838"}],"wp:featuredmedia":[{"embeddable":true,"href":"https:\/\/kaolin.com.my\/vi\/wp-json\/wp\/v2\/media\/1760"}],"wp:attachment":[{"href":"https:\/\/kaolin.com.my\/vi\/wp-json\/wp\/v2\/media?parent=2835"}],"curies":[{"name":"wp","href":"https:\/\/api.w.org\/{rel}","templated":true}]}}